{"id":90307,"date":"2026-01-19T18:30:10","date_gmt":"2026-01-19T16:30:10","guid":{"rendered":"https:\/\/arvutiposid.ee\/meie-kohta\/"},"modified":"2026-04-21T16:42:28","modified_gmt":"2026-04-21T14:42:28","slug":"meist","status":"publish","type":"page","link":"https:\/\/arvutipoisid.ee\/et\/meist\/","title":{"rendered":"Meist"},"content":{"rendered":"\t\t<div data-elementor-type=\"wp-page\" data-elementor-id=\"90307\" class=\"elementor elementor-90307 elementor-14178\" wpc-filter-elementor-widget=\"1\">\n\t\t\t\t<div class=\"wd-negative-gap elementor-element elementor-element-1e786356 wd-section-stretch e-flex e-con-boxed e-con e-parent\" data-id=\"1e786356\" data-element_type=\"container\" data-e-type=\"container\" data-settings=\"{&quot;background_background&quot;:&quot;classic&quot;}\">\n\t\t\t\t\t<div class=\"e-con-inner\">\n\t\t\t\t<div class=\"elementor-element elementor-element-5404e912 elementor-widget elementor-widget-wd_text_block\" data-id=\"5404e912\" data-element_type=\"widget\" data-e-type=\"widget\" data-widget_type=\"wd_text_block.default\">\n\t\t\t\t<div class=\"elementor-widget-container\">\n\t\t\t\t\t\t\t<div class=\"wd-text-block reset-last-child text-center\">\n\t\t\t\n\t\t\t<p><strong>Arvutipoisid.ee<\/strong> on MT SHOP-i (www.mts.ee) alambr\u00e4nd, mis on loodud \u00fche selge fookusega: s\u00fclearvutite m\u00fc\u00fck ja klientide abistamine \u00f5ige s\u00fclearvuti valimisel ilma asjatu vaevata.<\/p><p><strong>MT SHOP (KMS Projektiabi O\u00dc)<\/strong> on tegutsenud Eesti turul \u00fcle 20 aasta, kogudes pikaajalist kogemust e-kaubanduse, klienditeeninduse ja usaldusv\u00e4\u00e4rse t\u00e4itmisega. Kuigi <strong>MT SHOP<\/strong> koondab laia valikut t\u00f6\u00f6riistu ja seadmeid, on Arvutipoisid.ee p\u00fchendatud spetsiaalselt s\u00fclearvutitele - sest sobiva s\u00fclearvuti valimine ei peaks tunduma arvamism\u00e4nguna spetsifikatsioonide ja turunduss\u00f5nade vahel. Meie eesm\u00e4rk on teha otsus lihtsaks ja praktiliseks, olgu sul vaja usaldusv\u00e4\u00e4rset \u00e4rimasinat, soliidset s\u00fclearvutit kooli jaoks v\u00f5i v\u00f5imsat seadet loominguliseks t\u00f6\u00f6ks ja n\u00f5udlikumaks kasutamiseks.<br \/>Teenindame nii erakliente. ettev\u00f5tteid kui ka riigiettev\u00f5tteid, kes hindavad arukat ja eesm\u00e4rgip\u00e4rast s\u00fclearvuti ostu ilma aega raiskamata.<br \/><br \/>Soovime teile meeldivaid oste!<\/p><p><strong>Arvutipoisid.ee<\/strong><\/p>\n\t\t\t\t\t<\/div>\n\t\t\t\t\t\t<\/div>\n\t\t\t\t<\/div>\n\t\t\t\t\t<\/div>\n\t\t\t\t<\/div>\n\t\t\t\t<\/div>\n\t\t","protected":false},"excerpt":{"rendered":"<p>Arvutipoisid.ee on MT SHOP-i (www.mts.ee) alambr\u00e4nd, mis on loodud \u00fche selge fookusega: s\u00fclearvutite m\u00fc\u00fck ja klientide abistamine \u00f5ige s\u00fclearvuti valimisel<\/p>\n","protected":false},"author":1,"featured_media":0,"parent":0,"menu_order":0,"comment_status":"closed","ping_status":"closed","template":"elementor_header_footer","meta":{"footnotes":""},"class_list":["post-90307","page","type-page","status-publish","hentry"],"_links":{"self":[{"href":"https:\/\/arvutipoisid.ee\/et\/wp-json\/wp\/v2\/pages\/90307","targetHints":{"allow":["GET"]}}],"collection":[{"href":"https:\/\/arvutipoisid.ee\/et\/wp-json\/wp\/v2\/pages"}],"about":[{"href":"https:\/\/arvutipoisid.ee\/et\/wp-json\/wp\/v2\/types\/page"}],"author":[{"embeddable":true,"href":"https:\/\/arvutipoisid.ee\/et\/wp-json\/wp\/v2\/users\/1"}],"replies":[{"embeddable":true,"href":"https:\/\/arvutipoisid.ee\/et\/wp-json\/wp\/v2\/comments?post=90307"}],"version-history":[{"count":21,"href":"https:\/\/arvutipoisid.ee\/et\/wp-json\/wp\/v2\/pages\/90307\/revisions"}],"predecessor-version":[{"id":95545,"href":"https:\/\/arvutipoisid.ee\/et\/wp-json\/wp\/v2\/pages\/90307\/revisions\/95545"}],"wp:attachment":[{"href":"https:\/\/arvutipoisid.ee\/et\/wp-json\/wp\/v2\/media?parent=90307"}],"curies":[{"name":"wp","href":"https:\/\/api.w.org\/{rel}","templated":true}]}}