{"id":93424,"date":"2026-01-19T18:34:41","date_gmt":"2026-01-19T16:34:41","guid":{"rendered":"https:\/\/arvutiposid.ee\/?page_id=93424"},"modified":"2026-04-21T21:06:00","modified_gmt":"2026-04-21T19:06:00","slug":"jarelmaks","status":"publish","type":"page","link":"https:\/\/arvutipoisid.ee\/et\/jarelmaks\/","title":{"rendered":"J\u00e4relmaks"},"content":{"rendered":"\t\t<div data-elementor-type=\"wp-page\" data-elementor-id=\"93424\" class=\"elementor elementor-93424 elementor-14193\" wpc-filter-elementor-widget=\"1\">\n\t\t\t\t<div class=\"wd-negative-gap elementor-element elementor-element-a9dea71 e-flex e-con-boxed e-con e-parent\" data-id=\"a9dea71\" data-element_type=\"container\" data-e-type=\"container\">\n\t\t\t\t\t<div class=\"e-con-inner\">\n\t\t\t\t<div class=\"elementor-element elementor-element-0424236 e-n-tabs-mobile elementor-widget elementor-widget-n-tabs\" data-id=\"0424236\" data-element_type=\"widget\" data-e-type=\"widget\" data-settings=\"{&quot;horizontal_scroll&quot;:&quot;disable&quot;}\" data-widget_type=\"nested-tabs.default\">\n\t\t\t\t\t\t\t<div class=\"e-n-tabs\" data-widget-number=\"4342326\" aria-label=\"Tabs. Open items with Enter or Space, close with Escape and navigate using the Arrow keys.\">\n\t\t\t<div class=\"e-n-tabs-heading\" role=\"tablist\">\n\t\t\t\t\t<button id=\"e-n-tab-title-43423261\" data-tab-title-id=\"e-n-tab-title-43423261\" class=\"e-n-tab-title\" aria-selected=\"true\" data-tab-index=\"1\" role=\"tab\" tabindex=\"0\" aria-controls=\"e-n-tab-content-43423261\" style=\"--n-tabs-title-order: 1;\">\n\t\t\t\t\t\t<span class=\"e-n-tab-title-text\">\n\t\t\t\tESTO J\u00e4relmaks\t\t\t<\/span>\n\t\t<\/button>\n\t\t\t\t<button id=\"e-n-tab-title-43423262\" data-tab-title-id=\"e-n-tab-title-43423262\" class=\"e-n-tab-title\" aria-selected=\"false\" data-tab-index=\"2\" role=\"tab\" tabindex=\"-1\" aria-controls=\"e-n-tab-content-43423262\" style=\"--n-tabs-title-order: 2;\">\n\t\t\t\t\t\t<span class=\"e-n-tab-title-text\">\n\t\t\t\tLiisi j\u00e4relmaks\t\t\t<\/span>\n\t\t<\/button>\n\t\t\t\t<button id=\"e-n-tab-title-43423263\" data-tab-title-id=\"e-n-tab-title-43423263\" class=\"e-n-tab-title\" aria-selected=\"false\" data-tab-index=\"3\" role=\"tab\" tabindex=\"-1\" aria-controls=\"e-n-tab-content-43423263\" style=\"--n-tabs-title-order: 3;\">\n\t\t\t\t\t\t<span class=\"e-n-tab-title-text\">\n\t\t\t\tESTO 3\t\t\t<\/span>\n\t\t<\/button>\n\t\t\t\t<button id=\"e-n-tab-title-43423264\" data-tab-title-id=\"e-n-tab-title-43423264\" class=\"e-n-tab-title\" aria-selected=\"false\" data-tab-index=\"4\" role=\"tab\" tabindex=\"-1\" aria-controls=\"e-n-tab-content-43423264\" style=\"--n-tabs-title-order: 4;\">\n\t\t\t\t\t\t<span class=\"e-n-tab-title-text\">\n\t\t\t\tESTO Maksa Hiljem\t\t\t<\/span>\n\t\t<\/button>\n\t\t\t\t<button id=\"e-n-tab-title-43423265\" data-tab-title-id=\"e-n-tab-title-43423265\" class=\"e-n-tab-title\" aria-selected=\"false\" data-tab-index=\"5\" role=\"tab\" tabindex=\"-1\" aria-controls=\"e-n-tab-content-43423265\" style=\"--n-tabs-title-order: 5;\">\n\t\t\t\t\t\t<span class=\"e-n-tab-title-text\">\n\t\t\t\tInbank\t\t\t<\/span>\n\t\t<\/button>\n\t\t\t\t\t<\/div>\n\t\t\t<div class=\"e-n-tabs-content\">\n\t\t\t\t<div id=\"e-n-tab-content-43423261\" role=\"tabpanel\" aria-labelledby=\"e-n-tab-title-43423261\" data-tab-index=\"1\" style=\"--n-tabs-title-order: 1;\" class=\"e-active elementor-element elementor-element-9663657 e-con-full e-flex e-con e-child\" data-id=\"9663657\" data-element_type=\"container\" data-e-type=\"container\">\n\t\t<div class=\"wd-negative-gap elementor-element elementor-element-47e0643 e-flex e-con-boxed e-con e-child\" data-id=\"47e0643\" data-element_type=\"container\" data-e-type=\"container\">\n\t\t\t\t\t<div class=\"e-con-inner\">\n\t\t\t\t<div class=\"elementor-element elementor-element-7e340e7 elementor-widget elementor-widget-wd_text_block\" data-id=\"7e340e7\" data-element_type=\"widget\" data-e-type=\"widget\" data-widget_type=\"wd_text_block.default\">\n\t\t\t\t<div class=\"elementor-widget-container\">\n\t\t\t\t\t\t\t<div class=\"wd-text-block reset-last-child text-left\">\n\t\t\t\n\t\t\t<p><strong>ESTO J\u00e4relmaks \u2013 ei soovi maksta kogu summat korraga? Maksa osamaksete kaupa!<\/strong><\/p><p>Arvutipoisid.ee pakub koost\u00f6\u00f6s ESTO AS (ESTO j\u00e4relmaks) j\u00e4relmaksuv\u00f5imalust nii eraisikule kui juriidilisele isikule k\u00f5ikidele Arvutipoisid.ee-st ostetud toodetele tingimusel, et ostetava toote hind \u00fcksikuna v\u00f5i ostukorvi kogusumma j\u00e4\u00e4b vahemikku 100 - 10 000 EUR.<\/p><p>Kasuta toodete v\u00f5i teenuste eest maksmisel just ESTO J\u00e4relmaksu \u2013 k\u00f5ige soodsam, mugavam ja kiirem j\u00e4relmaksulink Eestis! Lisa toode\/tooted ostukorvi, vali makseviisidest ESTO J\u00e4relmaks ning taotle j\u00e4relmaksu. Taotlemisel valige sobiv periood, igakuise osamakse suurus ning digiallkirjastage mugavalt ID-kaardi v\u00f5i Mobiili-ID abil. ESTO J\u00e4relmaksu puhul on tegemist \u00fclimalt kiire ning mugava makselahendusega, mis aitab koostada sulle sinu poolt valitud perioodi alusel maksegraafiku ehk maksta osamaksete kaupa. Antud makselahendus teeb krediidiotsuse reaalajas ning aitab ostu sooritada v\u00e4hem kui 60 sekundiga.<\/p><p>P\u00e4rast j\u00e4relmaksulepingu allkirjastamist v\u00e4ljastatakse Teile sobiv kaup vastavalt ESTO m\u00fc\u00fcgi- ja tarnetingimusetele.<\/p><p>ESTO J\u00e4relmaksu tavatingimused on j\u00e4rgmised:<\/p><p>Intress alates 11.9%<br \/>Lepingutasu 0 EUR<br \/>Periood kuni 5 aastat<br \/>ESTO J\u00e4relmaksu saavad taotleda k\u00f5ik 18-70-aastased Eesti Vabariigi kodanikud.<br \/>ESTO J\u00e4relmaksu on v\u00f5imalik vormistada kiirelt ja mugavalt ka juriidilisele isikule!<\/p><p>Kui soovite meie e-poest osta m\u00f5ne toote ESTO J\u00e4relmaksuga, siis lisage toode\/tooted ostukorvi, valige makseviisidest \"ESTO J\u00e4relmaks\" ning taotlege j\u00e4relmaksu. J\u00e4relmaksu otsuse saate teada koheselt, lepingu ja kogu ostuprotsessi vomistamine v\u00f5tab aega kuni 60 sekundit. J\u00e4lgige palun ekraanile kuvatavaid juhiseid!<\/p><p>T\u00c4HELEPANU! Iga j\u00e4relmaks on finantskohustus. Enne j\u00e4relmaksulepingu s\u00f5lmimist tutvuge vastava teenuse tingimustega ning vajadusel konsulteerige asjatundjaga. Iga finantsotsusega kaasnevad riskid ja kohustused, mist\u00f5ttu palume laenutoodete tarbimise vajadus hoolikalt l\u00e4bi m\u00f5elda.<\/p><p>Krediidikulukuse m\u00e4\u00e4ra n\u00e4ide:<br \/>2049-eurose laenusumma puhul 12 kuuks fikseeritud intressiga 11.90% algsummalt aastas ja lepingutasuga 0 eurot on krediidi kulukuse m\u00e4\u00e4r 23.49%, kuumakse suurus 191.07 eurot ning tarbija poolt tagasimakstav kogusumma 2292.84 eurot.<\/p><p>ESTO J\u00e4relmaksu pakkujaks on ESTO AS (reg. kood 14180709).<\/p>\n\t\t\t\t\t<\/div>\n\t\t\t\t\t\t<\/div>\n\t\t\t\t<\/div>\n\t\t\t\t\t<\/div>\n\t\t\t\t<\/div>\n\t\t\t\t<\/div>\n\t\t<div id=\"e-n-tab-content-43423262\" role=\"tabpanel\" aria-labelledby=\"e-n-tab-title-43423262\" data-tab-index=\"2\" style=\"--n-tabs-title-order: 2;\" class=\" elementor-element elementor-element-16ff64b e-con-full e-flex e-con e-child\" data-id=\"16ff64b\" data-element_type=\"container\" data-e-type=\"container\">\n\t\t<div class=\"wd-negative-gap elementor-element elementor-element-9bd9a9f e-flex e-con-boxed e-con e-child\" data-id=\"9bd9a9f\" data-element_type=\"container\" data-e-type=\"container\">\n\t\t\t\t\t<div class=\"e-con-inner\">\n\t\t\t\t<div class=\"elementor-element elementor-element-4a57e29 elementor-widget elementor-widget-wd_text_block\" data-id=\"4a57e29\" data-element_type=\"widget\" data-e-type=\"widget\" data-widget_type=\"wd_text_block.default\">\n\t\t\t\t<div class=\"elementor-widget-container\">\n\t\t\t\t\t\t\t<div class=\"wd-text-block reset-last-child text-left\">\n\t\t\t\n\t\t\t<p><strong>Arvutipoisid.ee pakub koost\u00f6\u00f6s HOLM BANK AS-ga (www.holmbank.ee) j\u00e4relmaksuv\u00f5imalust (Liisi J\u00e4relmaks) k\u00f5ikidele Arvutipoisid.ee-st ostetud toodetele.<\/strong> Liisi j\u00e4relmaks aitab Teid vajaliku kauba soetamisel, saades ise valida sobiva sissemakse suuruse ja lepinguperioodi. P\u00e4rast lepingu allkirjastamist v\u00e4ljastatakse Teile sobiv kaup vastavalt Arvutipoisid.ee m\u00fc\u00fcgi- ja tarnetingimusetele.<\/p>\n<p class=\"Default\"><strong>Liisi plussid:<\/strong><\/p>\n<ul>\n<li>Liisi j\u00e4relmaksu v\u00f5ivad taotleda k\u00f5ikide pankade kliendid<\/li>\n<li>Liisida saab nii \u00fcksikuid tooteid kui ka suuremat ostukorvi<\/li>\n<li>Lepingu s\u00f5lmimine toimub kaupluses makselingi abil<\/li>\n<li>Saate endale valida sobiva tagasimakseperioodi<\/li>\n<\/ul>\n<p class=\"Default\"><strong>Liisi j\u00e4relmaksu tingimused<\/strong><\/p>\n<ul>\n<li>Liisi j\u00e4relmaksu v\u00f5ivad taotleda k\u00f5ik v\u00e4hemalt 18-aastased Eesti Vabariigi kodanikud v\u00f5i Eestis alalise elamisloaga inimesed<\/li>\n<li>Lepingu kestus 1 kuni 120 kuud<\/li>\n<li>Fikseeritud intress 10.9 % -st<\/li>\n<li>Lepingutasu 9.9\u20ac, mis jagatakse v\u00f5rdselt osamaksete vahel.<\/li>\n<li>Allkirjastamise v\u00f5imalus Smart ID, Mobiili ID v\u00f5i ID kaart<\/li>\n<\/ul>\n<p class=\"Default\"><strong>Kuidas taotleda Liisi j\u00e4relmaksu?<\/strong><\/p>\n<p class=\"Default\">Taotluse esitamine ja lepingu s\u00f5lmimine toimub e-kaupluse maksevalikul. Lisage sobiv toode ostukorvi ja valige makseviisiks Liisi j\u00e4relmaks. Positiivse otsuse korral vormistatakse laenuleping automaatselt. Valida on v\u00f5imalik endale sobiv periood ja maksekuup\u00e4ev. Seej\u00e4rel toimub allkirjastamine ID-kaardiga. Peale allkirjastamist paneb kauplus teile toote teele vastavalt nende m\u00fc\u00fcgi- ja tarnetingimustele. K\u00fcsi julgelt Liisi j\u00e4relmaksu. Leiame Teile alati sobivaima lahenduse!<\/p>\n<p class=\"Default\"><strong>T\u00e4helepanu!<\/strong> Tegemist on finantsteenusega. Tutvu teenuse tingimustega l\u00e4bi meie klienditeeninduse telefonil +372 58 60 88 00 v\u00f5i k\u00fcsi e-posti vahendusel aadressilt info@arvutipoisid.ee, vajadusel konsulteeri asjatundjaga. Iga laen on finantskohustus. Kaalu oma otsust hoolikalt \u2013 tutvu laenulepingu tingimustega ja vajadusel pea n\u00f5u asjatundjaga.<\/p>\n<p class=\"Default\"><strong>Krediidikulukuse m\u00e4\u00e4ra n\u00e4ide:<\/strong><\/p>\n<p class=\"Default\">Finantsteenuse pakkuja on AS Holm Bank. Tutvu lepingu tingimustega ja pea n\u00f5u asjatundjaga. Krediidi kulukuse m\u00e4\u00e4r on 26% aastas j\u00e4rgmistel n\u00e4idistingimustel: kauba maksumus\/laenu summa 419 \u20ac, lepingutasu 9,90 \u20ac, periood 12 kuud, fikseeritud intressim\u00e4\u00e4r 10,9% laenusummalt aastas, makstav kogusumma 474,58 \u20ac ja tagasimaksete summa 474,58 \u20ac, tagasimaksetee arv 12.<\/p>\n<p class=\"Default\">Teenusepakkujaks on Holm Bank AS.<\/p>\n\n\t\t\t\t\t<\/div>\n\t\t\t\t\t\t<\/div>\n\t\t\t\t<\/div>\n\t\t\t\t\t<\/div>\n\t\t\t\t<\/div>\n\t\t\t\t<\/div>\n\t\t<div id=\"e-n-tab-content-43423263\" role=\"tabpanel\" aria-labelledby=\"e-n-tab-title-43423263\" data-tab-index=\"3\" style=\"--n-tabs-title-order: 3;\" class=\" elementor-element elementor-element-8258cb7 e-con-full e-flex e-con e-child\" data-id=\"8258cb7\" data-element_type=\"container\" data-e-type=\"container\">\n\t\t<div class=\"wd-negative-gap elementor-element elementor-element-f71323a e-flex e-con-boxed e-con e-child\" data-id=\"f71323a\" data-element_type=\"container\" data-e-type=\"container\">\n\t\t\t\t\t<div class=\"e-con-inner\">\n\t\t\t\t<div class=\"elementor-element elementor-element-39a6328 elementor-widget elementor-widget-wd_text_block\" data-id=\"39a6328\" data-element_type=\"widget\" data-e-type=\"widget\" data-widget_type=\"wd_text_block.default\">\n\t\t\t\t<div class=\"elementor-widget-container\">\n\t\t\t\t\t\t\t<div class=\"wd-text-block reset-last-child text-left\">\n\t\t\t\n\t\t\t<p><strong>ESTO 3 on uue generatsiooni makseviis, mis v\u00f5imaldab tasuda mugavalt ning kiirelt - kolmes v\u00f5rdses osas, ilma lisatasudeta!<\/strong><\/p>\n<p>Vali e-poe kassas oma ostude eest tasumiseks \u00fclimalt populaarne ESTO 3-osaline makseviis!<\/p>\n<p>ESTO 3 aitab jagada ostusumma 3-ks v\u00f5rdseks osaks.<\/p>\n<ul>\n<li>\u00dchtegi lisatasu ei lisandu<\/li>\n<li>Lihtsalt kolm v\u00f5rdses osas makset, kolme kuu jooksul<\/li>\n<li>Esimene makse on alles j\u00e4rgmisel kuul.<\/li>\n<\/ul>\n<p>Makseviisi pakub ja haldab ESTO AS.<\/p>\n<p class=\"Default\"><strong>MIS ON ESTO?<\/strong><\/p>\n<p class=\"Default\">ESTO on finantsteenuseid pakkuv ettev\u00f5te, mille algusaeg ulatub aastasse 2016. Br\u00e4nd sai alguse vajadusest uue generatsiooni makselahenduste j\u00e4rele, mis oleksid sobilikud nii l\u00f5pptarbijale kui ka m\u00fc\u00fcjale. T\u00e4na pakub ESTO k\u00f5ige suuremat valikut erinevaid makselahendusi Baltikumis ning ESTO partnerv\u00f5rgustikku kuulub \u00fcle 2000 koost\u00f6\u00f6partneri ja kaupluse ning \u00fcle 200 000 kliendi.<\/p>\n<p class=\"Default\">Tutvu tingimustega siin: esto.eu\/ee<\/p>\n<p class=\"Default\">Vajadusel kontakteeruge ESTO AS t\u00f6\u00f6tajaga - info@esto.ee v\u00f5i www.esto.ee LIVE chat-aknas.<\/p>\n\n\t\t\t\t\t<\/div>\n\t\t\t\t\t\t<\/div>\n\t\t\t\t<\/div>\n\t\t\t\t\t<\/div>\n\t\t\t\t<\/div>\n\t\t\t\t<\/div>\n\t\t<div id=\"e-n-tab-content-43423264\" role=\"tabpanel\" aria-labelledby=\"e-n-tab-title-43423264\" data-tab-index=\"4\" style=\"--n-tabs-title-order: 4;\" class=\" elementor-element elementor-element-2ec0c74 e-con-full e-flex e-con e-child\" data-id=\"2ec0c74\" data-element_type=\"container\" data-e-type=\"container\">\n\t\t<div class=\"wd-negative-gap elementor-element elementor-element-20825e6 e-flex e-con-boxed e-con e-child\" data-id=\"20825e6\" data-element_type=\"container\" data-e-type=\"container\">\n\t\t\t\t\t<div class=\"e-con-inner\">\n\t\t\t\t<div class=\"elementor-element elementor-element-15dd6c3 elementor-widget elementor-widget-wd_text_block\" data-id=\"15dd6c3\" data-element_type=\"widget\" data-e-type=\"widget\" data-widget_type=\"wd_text_block.default\">\n\t\t\t\t<div class=\"elementor-widget-container\">\n\t\t\t\t\t\t\t<div class=\"wd-text-block reset-last-child text-left\">\n\t\t\t\n\t\t\t<p><strong>ESTO muudab ostlemise lihtsamaks!<\/strong><\/p>\n<p>Vali oma ostude eest tasumiseks k\u00f5ige uuem makseviis turul - ESTO Maksa Hiljem! Kinnita ost vaid paari klikiga ning maksa tagasi ilma \u00fchegi lisakuluta!<\/p>\n<p>Ole nutikas ja vali ostude eest tasumiseks ESTO Maksa Hiljem! Uus ja innovaatiline makselahendus aitab ostude eest tasuda mugavalt 30 p\u00e4eva jooksul. ESTO Maksa Hiljem on nutikate inimeste makseviis - saa kaup kohe k\u00e4tte ning maksa tagasi paindliku tagasimaksegraafiku alusel. Soeta paari klikiga just seda, mida vajad - puudub intress, lisatasu ja sissemakse.<\/p>\n<ul>\n<li>Paindlik tagasimakse graafik<\/li>\n<li>Saa kaup kohe k\u00e4tte ja tasu 30 p\u00e4eva jooksul<\/li>\n<li>0% intress ja 0\u20ac lisakulu<\/li>\n<\/ul>\n<p>ESTO Maksa Hiljem makseviisi pakub ja haldab ESTO AS.<\/p>\n<p class=\"Default\"><strong>MIS ON ESTO?<\/strong><\/p>\n<p class=\"Default\">ESTO on finantsteenuseid pakkuv ettev\u00f5te, mille algusaeg ulatub aastasse 2016. Br\u00e4nd sai alguse vajadusest uue generatsiooni makselahenduste j\u00e4rele, mis oleksid sobilikud nii l\u00f5pptarbijale kui ka m\u00fc\u00fcjale. T\u00e4na pakub ESTO k\u00f5ige suuremat valikut erinevaid makselahendusi Baltikumis ning ESTO partnerv\u00f5rgustikku kuulub \u00fcle 2000 koost\u00f6\u00f6partneri ja kaupluse ning \u00fcle 200 000 kliendi.<\/p>\n<p class=\"Default\">Tutvu tingimustega siin: esto.eu\/ee<\/p>\n<p class=\"Default\">Vajadusel kontakteeruge ESTO AS t\u00f6\u00f6tajaga - info@esto.ee v\u00f5i www.esto.ee LIVE chat-aknas.<\/p>\n\n\t\t\t\t\t<\/div>\n\t\t\t\t\t\t<\/div>\n\t\t\t\t<\/div>\n\t\t\t\t\t<\/div>\n\t\t\t\t<\/div>\n\t\t\t\t<\/div>\n\t\t<div id=\"e-n-tab-content-43423265\" role=\"tabpanel\" aria-labelledby=\"e-n-tab-title-43423265\" data-tab-index=\"5\" style=\"--n-tabs-title-order: 5;\" class=\" elementor-element elementor-element-99d0c4d e-con-full e-flex e-con e-child\" data-id=\"99d0c4d\" data-element_type=\"container\" data-e-type=\"container\">\n\t\t<div class=\"wd-negative-gap elementor-element elementor-element-14c55b2 e-flex e-con-boxed e-con e-child\" data-id=\"14c55b2\" data-element_type=\"container\" data-e-type=\"container\">\n\t\t\t\t\t<div class=\"e-con-inner\">\n\t\t\t\t<div class=\"elementor-element elementor-element-26b5bf5 elementor-widget elementor-widget-wd_text_block\" data-id=\"26b5bf5\" data-element_type=\"widget\" data-e-type=\"widget\" data-widget_type=\"wd_text_block.default\">\n\t\t\t\t<div class=\"elementor-widget-container\">\n\t\t\t\t\t\t\t<div class=\"wd-text-block reset-last-child text-left\">\n\t\t\t\n\t\t\t<p><strong>Inbank maksa j\u00e4rgmisel kuul<\/strong><\/p>\n<p>Arvutipoisid.ee pakub Sulle kiiret ja mugavat v\u00f5imalust tasuda kaupade eest Inbank maksa j\u00e4rgmisel kuul makseviisiga.<br \/>\nInbank maksa j\u00e4rgmisel kuul v\u00f5imaldab Sul tasuda ostude eest alles j\u00e4rgmisel kuul, intresse ja teenustasusid maksmata!<\/p>\n<ul>\n<li>Maksa j\u00e4rgmise kuu 25ndal kuup\u00e4eval<\/li>\n<li>Kehtib ostudele 30\u20ac \u2013 800\u20ac<\/li>\n<li>0 \u20ac lisatasu<\/li>\n<\/ul>\n<p class=\"Default\"><strong>Inbank jaga osadeks<\/strong><\/p>\n<ul>\n<li>Maksa 3 v\u00f5rdses osas<\/li>\n<li>Kehtib ostudele 75\u20ac \u2013 2500\u20ac<\/li>\n<li>0 \u20ac lisatasu<\/li>\n<\/ul>\n<p class=\"Default\"><strong>Inbank j\u00e4relmaks<\/strong><\/p>\n<p class=\"Default\">J\u00e4relmaksu puhul kehtivad kliendile lisatasud vastavalt lepingu s\u00f5lmimise hetkel v\u00e4lja toodud infole. J\u00e4relmaks on makselahendus, millega klient valib omale ise kuumakse suuruse ja vastavalt sellele ka lepinguperioodi pikkuse. J\u00e4relmaks on krediidileping ning lepingule kehtivad k\u00f5ik finantslepingu tingimused. Klient v\u00f5ib alati j\u00e4relmaksu lepingu varem tagasi maksta, andes oma soovist teada aadressil info@inbank.ee.<\/p>\n<p class=\"Default\"><strong>J\u00e4relmaksu tingimused:<\/strong><\/p>\n<ul>\n<li>Ostusumma: 100 \u2013 10 000 EUR<\/li>\n<li>Sissemakse alates 0 EUR<\/li>\n<li>Periood: 3 \u2013 60 kuud<\/li>\n<li>Aastane intress 11,0%<\/li>\n<li>Lepingutasu: 15 \u20ac<\/li>\n<li>Lepingu haldustasu: 0,9 \u20ac\/kuus (sisaldub osamaksetes)<\/li>\n<\/ul>\n<p class=\"Default\">Inbank j\u00e4relmaksu krediidikulukuse m\u00e4\u00e4r on 28,42% aastas j\u00e4rgmistel n\u00e4idistingimustel: lepingueseme hind kohe tasudes (netohind) 1000 EUR, krediidisumma 1000 EUR, sissemakse 0 EUR, lepinguperiood 12 kuud, fikseeritud intressim\u00e4\u00e4r aastas 11% arvestatuna ostusummalt, lepingutasu 15 EUR, igakuine haldustasu 0,9 EUR. Igakuine osamakse 94,44 EUR, krediidi kogusumma ja tagasimaksete summa 1133,22 EUR. Finantsteenuse osutajaks on AS Inbank Finance (Niine 11, Tallinn, www.inbank.ee, tel 640 8080). Enne lepingu s\u00f5lmimist tutvu tingimustega ja vajadusel pea n\u00f5u.<\/p>\n<p class=\"Default\">Krediiditoodete teenusepakkujaks on AS Inbank Finance.<\/p>\n\n\t\t\t\t\t<\/div>\n\t\t\t\t\t\t<\/div>\n\t\t\t\t<\/div>\n\t\t\t\t\t<\/div>\n\t\t\t\t<\/div>\n\t\t\t\t<\/div>\n\t\t\t\t\t<\/div>\n\t\t<\/div>\n\t\t\t\t\t\t<\/div>\n\t\t\t\t\t<\/div>\n\t\t\t\t<\/div>\n\t\t\t\t<\/div>\n\t\t","protected":false},"excerpt":{"rendered":"<p>ESTO J\u00e4relmaks Liisi j\u00e4relmaks ESTO 3 ESTO Maksa Hiljem Inbank ESTO J\u00e4relmaks \u2013 ei soovi maksta kogu summat korraga? Maksa<\/p>\n","protected":false},"author":1,"featured_media":0,"parent":0,"menu_order":0,"comment_status":"closed","ping_status":"closed","template":"elementor_header_footer","meta":{"footnotes":""},"class_list":["post-93424","page","type-page","status-publish","hentry"],"_links":{"self":[{"href":"https:\/\/arvutipoisid.ee\/et\/wp-json\/wp\/v2\/pages\/93424","targetHints":{"allow":["GET"]}}],"collection":[{"href":"https:\/\/arvutipoisid.ee\/et\/wp-json\/wp\/v2\/pages"}],"about":[{"href":"https:\/\/arvutipoisid.ee\/et\/wp-json\/wp\/v2\/types\/page"}],"author":[{"embeddable":true,"href":"https:\/\/arvutipoisid.ee\/et\/wp-json\/wp\/v2\/users\/1"}],"replies":[{"embeddable":true,"href":"https:\/\/arvutipoisid.ee\/et\/wp-json\/wp\/v2\/comments?post=93424"}],"version-history":[{"count":51,"href":"https:\/\/arvutipoisid.ee\/et\/wp-json\/wp\/v2\/pages\/93424\/revisions"}],"predecessor-version":[{"id":95579,"href":"https:\/\/arvutipoisid.ee\/et\/wp-json\/wp\/v2\/pages\/93424\/revisions\/95579"}],"wp:attachment":[{"href":"https:\/\/arvutipoisid.ee\/et\/wp-json\/wp\/v2\/media?parent=93424"}],"curies":[{"name":"wp","href":"https:\/\/api.w.org\/{rel}","templated":true}]}}