{"id":93428,"date":"2026-01-19T18:37:15","date_gmt":"2026-01-19T16:37:15","guid":{"rendered":"https:\/\/arvutiposid.ee\/purchase-and-delivery\/"},"modified":"2026-04-21T20:51:17","modified_gmt":"2026-04-21T18:51:17","slug":"ostmine-ja-kohaletoimetamine","status":"publish","type":"page","link":"https:\/\/arvutipoisid.ee\/et\/ostmine-ja-kohaletoimetamine\/","title":{"rendered":"Ostmine ja kohaletoimetamine"},"content":{"rendered":"\t\t<div data-elementor-type=\"wp-page\" data-elementor-id=\"93428\" class=\"elementor elementor-93428 elementor-14199\" wpc-filter-elementor-widget=\"1\">\n\t\t\t\t<div class=\"wd-negative-gap elementor-element elementor-element-7f6e2a5 e-flex e-con-boxed e-con e-parent\" data-id=\"7f6e2a5\" data-element_type=\"container\" data-e-type=\"container\">\n\t\t\t\t\t<div class=\"e-con-inner\">\n\t\t\t\t<div class=\"elementor-element elementor-element-5de45f8 elementor-widget elementor-widget-wd_text_block\" data-id=\"5de45f8\" data-element_type=\"widget\" data-e-type=\"widget\" data-widget_type=\"wd_text_block.default\">\n\t\t\t\t<div class=\"elementor-widget-container\">\n\t\t\t\t\t\t\t<div class=\"wd-text-block reset-last-child text-left\">\n\t\t\t\n\t\t\t<div class=\"editor-content\"><p><strong><span style=\"color: #1b1919; font-size: 18px;\">Arvutipoisid.ee v\u00e4ljastab toodete ja teenuste eest arveid:<\/span><\/strong><\/p><p><span dir=\"auto\" style=\"vertical-align: inherit;\"><span dir=\"auto\" style=\"vertical-align: inherit;\">- Eraisikutele <\/span><\/span><br \/><span dir=\"auto\" style=\"vertical-align: inherit;\"><span dir=\"auto\" style=\"vertical-align: inherit;\">- Juriidilistele isikutele <\/span><\/span><br \/><span dir=\"auto\" style=\"vertical-align: inherit;\"><span dir=\"auto\" style=\"vertical-align: inherit;\">- Riigiasutustele ja teistele avaliku sektori ettev\u00f5tetele (e-arved \/ Fitek)<\/span><\/span><\/p><h4><span dir=\"auto\" style=\"vertical-align: inherit;\"><span dir=\"auto\" style=\"vertical-align: inherit;\">Makseviisid:<\/span><\/span><\/h4><p><span dir=\"auto\" style=\"vertical-align: inherit;\"><span dir=\"auto\" style=\"vertical-align: inherit;\">- Arve alusel (klassikaline panga\u00fclekanne) <\/span><\/span><br \/><span dir=\"auto\" style=\"vertical-align: inherit;\"><span dir=\"auto\" style=\"vertical-align: inherit;\">- E-arve (riigiasutused ja muu avalik sektor \/ Fiteki s\u00fcsteem) <\/span><\/span><br \/><span dir=\"auto\" style=\"vertical-align: inherit;\"><span dir=\"auto\" style=\"vertical-align: inherit;\">- Pangalingid (EE, LV, LT)<\/span><\/span><br \/><span dir=\"auto\" style=\"vertical-align: inherit;\"><span dir=\"auto\" style=\"vertical-align: inherit;\">- J\u00e4relmaks (Liisi, Esto, Inbank)<\/span><\/span><\/p><h4><span dir=\"auto\" style=\"vertical-align: inherit;\"><span dir=\"auto\" style=\"vertical-align: inherit;\">Tellimuse vormistamine<\/span><\/span><\/h4><p><span dir=\"auto\" style=\"vertical-align: inherit;\"><span dir=\"auto\" style=\"vertical-align: inherit;\">Valige v\u00e4lja toode v\u00f5i tooted, millest olete huvitatud, ja kl\u00f5psake nuppu \"Lisa ostukorvi\". Ostukorvi ja sinna lisatud tooted leiate meie veebipoe \u00fclevalt paremast nurgast s\u00f5ltumata sellest, millisel lehel parajasti viibite. Kui olete k\u00f5ik soovitud tooted ostukorvi lisanud, saate alustada tellimuse vormistamist, t\u00e4ites kohaletoimetamiseks vajalikud andmed.<\/span><\/span><\/p><p><span dir=\"auto\" style=\"vertical-align: inherit;\"><span dir=\"auto\" style=\"vertical-align: inherit;\">Palun pange t\u00e4hele, et kui te ei ole p\u00e4rast tellimuse kinnitamist saanud meilt oma postkasti \u00fchtegi teadet, siis kontrollige, kas teie postkastis on vaba ruumi uute kirjade vastuv\u00f5tmiseks v\u00f5i kas r\u00e4mpspostifilter ei ole ekslikult suunanud meie saadetud kirja teie postkasti r\u00e4mpsposti kausta. Teine p\u00f5hjus, miks te ei pruukinud meilt e-kirja saada, v\u00f5ib olla see, et sisestasite tellimust tehes oma e-posti aadressi valesti. Kui teil on k\u00fcsimusi, v\u00f5tke meiega \u00fchendust telefoni teel +372 58 60 88 00 (ET\/EN\/FI) v\u00f5i kirjutage e-posti aadressil <\/span><\/span><a href=\"mailto:info@arvutipoisid.ee\"><span dir=\"auto\" style=\"vertical-align: inherit;\"><span dir=\"auto\" style=\"vertical-align: inherit;\">info@arvutipoisid.ee<\/span><\/span><\/a><\/p><p><span dir=\"auto\" style=\"vertical-align: inherit;\"><span dir=\"auto\" style=\"vertical-align: inherit;\">K\u00f5ik tellimused t\u00f6\u00f6deldakse alles p\u00e4rast makse laekumist.<\/span><\/span><\/p><h4><span dir=\"auto\" style=\"vertical-align: inherit;\"><span dir=\"auto\" style=\"vertical-align: inherit;\">Tarne ja maksumus<\/span><\/span><\/h4><p><strong><span dir=\"auto\" style=\"vertical-align: inherit;\"><span dir=\"auto\" style=\"vertical-align: inherit;\">Tarnekulud arvutatakse ostukorvis ostu sooritamise hetkel.<\/span><\/span><\/strong><\/p><p><span dir=\"auto\" style=\"vertical-align: inherit;\"><span dir=\"auto\" style=\"vertical-align: inherit;\"><strong>Kulleri- ja pakiautomaadiga kohaletoimetamine Eestis - tasuta!<\/strong><\/span><\/span><\/p><p><strong><span dir=\"auto\" style=\"vertical-align: inherit;\"><span dir=\"auto\" style=\"vertical-align: inherit;\">Kohaletoimetamine Euroopa Liidus - palun vaadake ostukorvi!<\/span><\/span><\/strong><\/p><p>K\u00e4ibemaksuvaba (0%) tellimine Euroopa Liidu ettev\u00f5tetele<\/p><\/div><p>Euroopa Liidu ettev\u00f5tetele pakume k\u00e4ibemaksuvaba ostuv\u00f5imalust. Selleks, et k\u00e4ibemaks teie ostult eemaldataks, palun valideerige kassas oma KMKR-number.<\/p><p data-start=\"1022\" data-end=\"1054\"><strong data-start=\"1022\" data-end=\"1054\">S\u00fclearvutite erikonfiguratsioonid<\/strong><\/p><p data-start=\"1056\" data-end=\"1219\">Mitte iga kasutaja ei vaja \u00fchesugust s\u00fclearvutit. Seet\u00f5ttu pakume valitud mudelite puhul konfiguratsiooniv\u00f5imalusi, mis v\u00f5imaldavad seadet kohandada tegelikele kasutusvajadustele.<\/p><p data-start=\"1221\" data-end=\"1276\">S\u00f5ltuvalt konkreetsest mudelist v\u00f5ib olla v\u00f5imalik muuta RAM-i, GPU-d, CPU-d, SSD-d, ekraani suurust, operatsioonis\u00fcsteemi, v\u00e4rvi (palun vaadake tootelehti)<\/p><p data-start=\"1434\" data-end=\"1819\">V\u00f5imalike uuenduste ulatus s\u00f5ltub alati konkreetse s\u00fclearvuti disainist, tootja piirangutest ja sellest, kas seadmel on vabu laienduspesasid. Kui vaba pesa puudub, v\u00f5ib olla vajalik olemasolev komponent asendada suurema v\u00f5i muul viisil sobivamaga.<\/p><p data-start=\"1821\" data-end=\"2063\">Meie eesm\u00e4rk on pakkuda s\u00fclearvutit, mis vastab kasutaja tegelikele vajadustele, mitte ainult standardsele tehasekonfiguratsioonile. See on eriti oluline siis, kui seade on m\u00f5eldud \u00e4rikasutuseks, \u00f5ppimiseks, loomet\u00f6\u00f6ks v\u00f5i muudeks n\u00f5udlikumateks \u00fclesanneteks. Kohandamine ei m\u00f5juta 2-aastast garantiiperioodi.<\/p><div class=\"editor-content\"><p><span dir=\"auto\" style=\"vertical-align: inherit;\"><span dir=\"auto\" style=\"vertical-align: inherit;\"><strong>Laos olevate toodete<\/strong> hinnanguline tarneaeg on umbes 1 - 1,5 n\u00e4dalat (Eestis). Kui tellite Euroopa Liidust, palun arvestage kohaletoimetamiseks lisaks 3-7 p\u00e4eva.<br \/>Teeme k\u00f5ik endast oleneva, et tellitud tooted j\u00f5uaksid klientideni hinnangulise tarneaja jooksul. M\u00f5nel erandjuhul v\u00f5ivad tarned viibida p\u00f5hjustel, mis ei s\u00f5ltu MT Shopist. Probleemi allikaks v\u00f5ib olla meie tarnija, kes on m\u00e4rkinud oma laos\u00fcsteemis toodete vale koguse ja\/v\u00f5i vale tarneaja, samuti logistikafirma, kes on erinevatel p\u00f5hjustel p\u00f5hjustanud viivitusi tarneahelas kas ise v\u00f5i kolmanda osapoole t\u00f5ttu. Uuendame oma tooteandmebaasi mitu korda p\u00e4evas, et hoida toodete, tootehindade ja saadavuse info ajakohasena. Palume teil selliste v\u00f5imalike olukordadega arvestada ja vabandame juba ette, kui peaksite oma tellimusega sellisesse olukorda sattuma. Ligikaudu 98% meie tellimustest on varem j\u00f5udnud kliendini eeldatava tarneaja jooksul. Kui teil on k\u00fcsimusi, v\u00f5tke meiega \u00fchendust aadressil <\/span><\/span><a href=\"mailto:info@arvutipoisid.ee\"><span dir=\"auto\" style=\"vertical-align: inherit;\"><span dir=\"auto\" style=\"vertical-align: inherit;\">info@arvutipoisid.ee<\/span><\/span><\/a><span dir=\"auto\" style=\"vertical-align: inherit;\"><span dir=\"auto\" style=\"vertical-align: inherit;\"> v\u00f5i telefoni teel +372 58 60 88 00.<\/span><\/span><\/p><p><span dir=\"auto\" style=\"vertical-align: inherit;\"><span dir=\"auto\" style=\"vertical-align: inherit;\">N\u00e4dalavahetusel esitatud ja tasutud tellimused t\u00f6\u00f6deldakse j\u00e4rgmisel t\u00f6\u00f6p\u00e4eval. Toote eeldatav tarneaeg on indikatiivne ja s\u00f5ltub paljudest asjaoludest (sealhulgas neist, mis ei s\u00f5ltu Arvutipoisid.ee-st), sealhulgas riigip\u00fchadest nii Eestis kui ka teistes tarneahelaga seotud riikides. Selle tulemusena v\u00f5ib esineda viivitusi tarnete k\u00e4sitlemisel ja nende kliendile kohaletoimetamisel p\u00fchade v\u00f5i l\u00fchemate t\u00f6\u00f6p\u00e4evade ja\/v\u00f5i suurenenud t\u00f6\u00f6koormuse t\u00f5ttu nii tarne-ladudes kui ka logistikafirmades.<\/span><\/span><\/p><p><span dir=\"auto\" style=\"vertical-align: inherit;\"><span dir=\"auto\" style=\"vertical-align: inherit;\">Soovime teile meeldivaid oste!<\/span><\/span><\/p><p><strong><span dir=\"auto\" style=\"vertical-align: inherit;\"><span dir=\"auto\" style=\"vertical-align: inherit;\">Arvutipoisid.ee<\/span><\/span><\/strong><\/p><\/div>\n\t\t\t\t\t<\/div>\n\t\t\t\t\t\t<\/div>\n\t\t\t\t<\/div>\n\t\t\t\t\t<\/div>\n\t\t\t\t<\/div>\n\t\t\t\t<\/div>\n\t\t","protected":false},"excerpt":{"rendered":"<p>Arvutipoisid.ee v\u00e4ljastab toodete ja teenuste eest arveid: &#8211; Eraisikutele &#8211; Juriidilistele isikutele &#8211; Riigiasutustele ja teistele avaliku sektori ettev\u00f5tetele (e-arved<\/p>\n","protected":false},"author":1,"featured_media":0,"parent":0,"menu_order":0,"comment_status":"closed","ping_status":"closed","template":"elementor_header_footer","meta":{"footnotes":""},"class_list":["post-93428","page","type-page","status-publish","hentry"],"_links":{"self":[{"href":"https:\/\/arvutipoisid.ee\/et\/wp-json\/wp\/v2\/pages\/93428","targetHints":{"allow":["GET"]}}],"collection":[{"href":"https:\/\/arvutipoisid.ee\/et\/wp-json\/wp\/v2\/pages"}],"about":[{"href":"https:\/\/arvutipoisid.ee\/et\/wp-json\/wp\/v2\/types\/page"}],"author":[{"embeddable":true,"href":"https:\/\/arvutipoisid.ee\/et\/wp-json\/wp\/v2\/users\/1"}],"replies":[{"embeddable":true,"href":"https:\/\/arvutipoisid.ee\/et\/wp-json\/wp\/v2\/comments?post=93428"}],"version-history":[{"count":29,"href":"https:\/\/arvutipoisid.ee\/et\/wp-json\/wp\/v2\/pages\/93428\/revisions"}],"predecessor-version":[{"id":95562,"href":"https:\/\/arvutipoisid.ee\/et\/wp-json\/wp\/v2\/pages\/93428\/revisions\/95562"}],"wp:attachment":[{"href":"https:\/\/arvutipoisid.ee\/et\/wp-json\/wp\/v2\/media?parent=93428"}],"curies":[{"name":"wp","href":"https:\/\/api.w.org\/{rel}","templated":true}]}}