{"id":93435,"date":"2026-01-16T10:22:45","date_gmt":"2026-01-16T08:22:45","guid":{"rendered":"https:\/\/arvutiposid.ee\/privaatsuspoliitika\/"},"modified":"2026-04-21T21:48:06","modified_gmt":"2026-04-21T19:48:06","slug":"privaatsuspoliitika","status":"publish","type":"page","link":"https:\/\/arvutipoisid.ee\/et\/privaatsuspoliitika\/","title":{"rendered":"Privaatsuspoliitika"},"content":{"rendered":"\t\t<div data-elementor-type=\"wp-page\" data-elementor-id=\"93435\" class=\"elementor elementor-93435 elementor-3\" wpc-filter-elementor-widget=\"1\">\n\t\t\t\t<div class=\"wd-negative-gap elementor-element elementor-element-1fbb9f64 e-flex e-con-boxed e-con e-parent\" data-id=\"1fbb9f64\" data-element_type=\"container\" data-e-type=\"container\">\n\t\t\t\t\t<div class=\"e-con-inner\">\n\t\t\t\t<div class=\"elementor-element elementor-element-3cd7b7aa color-scheme-inherit text-left elementor-widget elementor-widget-text-editor\" data-id=\"3cd7b7aa\" data-element_type=\"widget\" data-e-type=\"widget\" data-widget_type=\"text-editor.default\">\n\t\t\t\t\t\t\t\t\t<p><span lang=\"ET\">KMS Projektiabi O\u00dc e-pood (edaspidi Arvutipoisid.ee) on v\u00f5tnud endale kohustuse kaitsta klientide ja kasutajate privaatsust. K\u00e4esolev Privaatsuspoliitika annab \u00fclevaate meie tavadest, sealhulgas millist teavet me kogume, kuidas me infot kasutame v\u00f5i avalikustame, Teie \u00f5igustest seoses meiepoolse andmete kogumise ja kasutamisega. Meie tegevus internetis on koosk\u00f5las k\u00f5igi asjakohaste tegevuste ja vastavate Euroopa Liidu direktiividega ja Eesti Vabariigi seadustega.<\/span><\/p><p><span lang=\"ET\">Isikuandmete t\u00f6\u00f6tlemine toimub kliendiga s\u00f5lmitud lepingu t\u00e4itmise eesm\u00e4rgil (M\u00e4\u00e4ruse nr 2016\/679\/EL art 6 1) b). Isikuandmete t\u00f6\u00f6tlemine toimub juriidilise kohustuse t\u00e4itmiseks (nt raamatupidamine ja tarbijavaidluste lahendamine) (M\u00e4\u00e4ruse nr 2016\/679\/EL preambula p 52, art 6 1) c).<\/span><\/p><p class=\"Default\"><span lang=\"ET\">Hoiame oma Privaatsuspoliitikat regulaarselt \u00fclevaatamisel ning avaldame k\u00f5ik uuendused sellel veebilehel. Meie e-poodi kasutades kinnitate, et olete meie privaatsuspoliitikaga tutvunud ja sellega n\u00f5ustunud.<\/span><\/p><p><span lang=\"ET\">1. <\/span><strong><span lang=\"ET\">Milliseid andmeid me kogume ja miks?<\/span><\/strong><\/p><p><span lang=\"ET\">1.1 Kogume Teie poolt sisestatud andmeid n\u00e4iteks ostu v\u00f5i tellimuse sooritamisel Arvutipoisid.ee e-poes.<\/span><\/p><p><span lang=\"ET\">1.2 E-pood v\u00f5ib paluda Teil teatud veebilehe aladel vabatahtlikult esitada isikuandmeid ja personaalset informatsiooni. N\u00f5utavad isikuandmed v\u00f5ivad sisaldada Teie nime, aadressi, postiindeksit, e-posti aadressi, telefoninumbrit ja teisi andmeid.<\/span><\/p><p><span lang=\"ET\">1.3 Avalikustatud andmeid kasutatakse vastavalt k\u00e4esoleva privaatsuspoliitikaga s\u00e4testatud tingimuste alusel.<\/span><\/p><p><span lang=\"ET\">2. <\/span><strong><span lang=\"ET\">Kuidas me kasutame Teie andmeid?<\/span><\/strong><\/p><p><span lang=\"ET\">2.1 Lisaks \u00fclal mainitud personaalse informatsiooni kasutamisele, v\u00f5ib Arvutipoisid.ee sisestatud andmeid kasutada tarbijatele huvi pakkuvate toodete ja teenuste j\u00e4lgimiseks, v\u00f5imalike probleemide t\u00f5rkeotsinguks, kaitsmiseks pettuste ja muu kuritegeliku tegevuse eest, kasutaja kogemuse kohandamiseks, veebilehel toimuvate muudatuste, uute teenuste ning eripakkumiste kohta teavitamiseks.<\/span><\/p><p><span lang=\"ET\">2.2 Meiega suhtlemisel v\u00f5ime s\u00e4ilitada kirjavahetuse, et selle abil t\u00e4iustada tooteid, teenuseid, veebilehte v\u00f5i teisi avalikke eesm\u00e4rke.<\/span><\/p><p><span lang=\"ET\">2.3 Arvutipoisid.ee v\u00f5ib avaldada teavet \u00fcksikute kasutajate kohta kolmandale osapoolele, kes osutab Arvutipoisid.ee-le teenuseid ja kes on n\u00f5us hoidma jagatud teavet konfidentsiaalsena. Kolmandateks osapoolteks on Arvutipoisid.ee partnerid, kelle \u00fclesanneteks on e-poes m\u00fc\u00fcdavate kaupade tarnimine, transport, veebilehe hooldamine, sisuhaldus, turundus ning maksete vahendamine.<\/span><\/p><p><span lang=\"ET\">2.3 Kui Te olete selleks loa andnud, saadame Teile e-posti teel turunduss\u00f5numeid v\u00f5i tekstis\u00f5numeid (SMS), et hoida Teid kursis meie tegemistega ning aidata Teil n\u00e4ha ja leida meie tooteid ja parimaid pakkumisi. Turunduss\u00f5numite tellimiseks on vajalik kliendi vabatahtlik n\u00f5usolek. Klient saab n\u00f5usoleku anda toodet v\u00f5i teenust tellides m\u00e4rkides tellimuse vormistamise lehel aktiivseks &#8220;Soovin infot parimatest pakkumistest ja kampaaniatest.&#8221; valiku.<\/span><\/p><p><span lang=\"ET\">2.4 E-maili teel laekunud turunduss\u00f5numitest on v\u00f5imalik igal ajal loobuda kl\u00f5psates meilis vastavat turunduss\u00f5numitest loobumise linki (unsubscribe). Turunduss\u00f5numite saamisest loobumisel saadetakse Teile endiselt edasi teenustega seotud teavet, n\u00e4iteks tellimuse oleku uuenduste kohta. SMS-i teel laekuvatest turunduss\u00f5numitest loobumiseks palume \u00fchendust v\u00f5tta meie klienditeeninduse aadressil info@arvutipoisid.ee<\/span><\/p><p><span lang=\"ET\">3. Arvutipoisid.ee<\/span><span lang=\"ET\"> on isikuandmete vastutav t\u00f6\u00f6tleja ning edastab maksete teostamiseks vajalikud isikuandmed volitatud t\u00f6\u00f6tlejatele<\/span><\/p><p><span lang=\"ET\">3.1 LHV Pangalink &#8211; <strong>AS LHV Pank<\/strong><\/span><\/p><p><span lang=\"ET\">3.2 Swedbank Pangalink &#8211; <strong>Swedbank AS<\/strong><\/span><\/p><p><span lang=\"ET\">3.3 SEB Pangalink &#8211; <strong>AS SEB Pank<\/strong><\/span><\/p><p><span lang=\"ET\">3.4 COOP Pangalink &#8211; <strong>COOP Pank AS<\/strong><\/span><\/p><p><span lang=\"ET\">3.5 Citadele Pangalink &#8211; <strong>AS Citadele Banka<\/strong><\/span><\/p><p><span lang=\"ET\">3.6 Kaardimaksed (VISA \/ Maestro) &#8211; <strong>EveryPay AS<\/strong><\/span><\/p><p><span lang=\"ET\">3.7 Esto \/ Esto 3 \/ Maksa Hiljem Esto &#8211; <strong>ESTO AS<\/strong><\/span><\/p><p><span lang=\"ET\">3.8 Liisi &#8211; <strong>Holm Bank AS<\/strong><\/span><\/p><p><span lang=\"ET\">3.9 Inbank &#8211; <strong>Inbank AS<\/strong><\/span><\/p><p><span lang=\"ET\">4. <\/span><strong><span lang=\"ET\">Teie \u00f5igused<\/span><\/strong><\/p><p><span lang=\"ET\">4.1 Teil on \u00f5igus teada, milliseid isiklikke andmeid me Teie kohta hoiame.<\/span><\/p><p><span lang=\"ET\">4.2 Teil on \u00f5igus selliseid andmeid parandada, muuta v\u00f5i kustutada. Kui Te soovite oma \u00f5igusi rakendada, andmeid parandada, muuta v\u00f5i kustutada, v\u00f5tke meiega \u00fchendust allpool m\u00e4rgitud kontaktandmete kaudu.<\/span><\/p><p><span lang=\"ET\">5. <\/span><strong><span lang=\"ET\">Turvalisus<\/span><\/strong><\/p><p><span lang=\"ET\">5.1 Arvutipoisid.ee on rakendanud vajalikud meetmed, et kaitsta e-poes kogutud isikuandmete terviklikkust, t\u00e4psust ja privaatsust.<\/span><\/p><p><span lang=\"ET\">5.2 Oleme kehtestanud m\u00f5istlikud ettevaatusabin\u00f5ud, et kaitsta teavet kadumise, v\u00e4\u00e4rkasutuse ja muutmise eest. Juurdep\u00e4\u00e4s andmete muutmiseks ja kuvamiseks on ainult selleks volitatud isikutel.<\/span><\/p><p><span lang=\"ET\">5.3 N\u00f5ustute, et interneti olemuse t\u00f5ttu ei saa pakkuda absoluutset turvagarantiid ning erandlikel juhtudel v\u00f5ib veebis teabe avaldamisel esineda v\u00e4ike turvarisk. Sellega seoses n\u00f5ustute, et Arvutipoisid.ee ei vastuta varastatud v\u00f5i vahelt l\u00f5igatud andmete edasise kasutamise eest.<\/span><\/p><p><span lang=\"ET\">6. <\/span><strong><span lang=\"ET\">V\u00e4lised lingid<\/span><\/strong><\/p><p><span lang=\"ET\">6.1 Arvutipoisid.ee v\u00f5ib kasutada linke, mis viivad kolmandate osapoolte veebilehtedele. Kui vajutate m\u00f5nele sellisele lingile, suunatakse Teid Arvutipoisid.ee veebilehelt edasi veebilehe omava organisatsiooni v\u00f5i ettev\u00f5tte lehele. Isegi kui kahe veebilehe vahel eksisteerib seos, ei oma Arvutipoisid.ee kontrolli kolmandate osapoolte veebilehtede \u00fcle. Igal neist on eraldiseisev andmete kogumise, t\u00f6\u00f6tlemise ja privaatsuspoliitika kord. Sellise veebilehe k\u00fclastamisel peaksite enne andmete jagamist tutvuma vastava veebilehe privaatsuspoliitikaga.<\/span><\/p><p><span lang=\"ET\">7. <\/span><strong><span lang=\"ET\">Privaatsuspoliitika tingimused ja muudatused<\/span><\/strong><\/p><p><span lang=\"ET\">7.1 Kasutades Arvutipoisid.ee e-poodi n\u00f5ustute ka meie privaatsuspoliitikaga. Kui Te mingil p\u00f5hjusel ei n\u00f5ustu nende tingimustega, ei tohiks Te Arvutipoisid.ee e-poodi kasutada. Arvutipoisid.ee j\u00e4tab endale \u00f5iguse muuta k\u00e4esoleva privaatsuspoliitika tingimusi mis tahes ajal.<\/span><\/p><p><span lang=\"ET\">7.2 Arvutipoisid.ee muudab aeg-ajalt k\u00e4esoleva privaatsuspoliitika tingimusi ning Te peaksite seda regulaarselt kontrollima, et olla kursis k\u00f5igi muudatustega. Teie j\u00e4tkuv Arvutipoisid.ee kasutamine t\u00e4hendab Teie n\u00f5usolekut k\u00f5igi selle privaatsuspoliitika muudatustega.<\/span><\/p><p><span lang=\"ET\">8. <\/span><span lang=\"ET\">Kontaktandmed<\/span><\/p><p><span lang=\"ET\">8.1 Kui Teil on k\u00fcsimusi seoses privaatsusega, kaebusi, k\u00fcsimusi v\u00f5i soovite kasutada m\u00f5nda oma \u00f5igustest, v\u00f5tke meiega \u00fchendust e-posti aadressil info@arvutipoisid.ee<\/span><\/p><p><strong><span lang=\"ET\">Soovime Teile meeldivaid oste!<\/span><\/strong><\/p><p><strong><span lang=\"ET\">Arvutipoisid.ee<\/span><\/strong><\/p>\t\t\t\t\t\t\t\t<\/div>\n\t\t\t\t\t<\/div>\n\t\t\t\t<\/div>\n\t\t\t\t<\/div>\n\t\t","protected":false},"excerpt":{"rendered":"<p>KMS Projektiabi O\u00dc e-pood (edaspidi Arvutipoisid.ee) on v\u00f5tnud endale kohustuse kaitsta klientide ja kasutajate privaatsust. K\u00e4esolev Privaatsuspoliitika annab \u00fclevaate meie<\/p>\n","protected":false},"author":1,"featured_media":0,"parent":0,"menu_order":0,"comment_status":"closed","ping_status":"open","template":"","meta":{"footnotes":""},"class_list":["post-93435","page","type-page","status-publish","hentry"],"_links":{"self":[{"href":"https:\/\/arvutipoisid.ee\/et\/wp-json\/wp\/v2\/pages\/93435","targetHints":{"allow":["GET"]}}],"collection":[{"href":"https:\/\/arvutipoisid.ee\/et\/wp-json\/wp\/v2\/pages"}],"about":[{"href":"https:\/\/arvutipoisid.ee\/et\/wp-json\/wp\/v2\/types\/page"}],"author":[{"embeddable":true,"href":"https:\/\/arvutipoisid.ee\/et\/wp-json\/wp\/v2\/users\/1"}],"replies":[{"embeddable":true,"href":"https:\/\/arvutipoisid.ee\/et\/wp-json\/wp\/v2\/comments?post=93435"}],"version-history":[{"count":7,"href":"https:\/\/arvutipoisid.ee\/et\/wp-json\/wp\/v2\/pages\/93435\/revisions"}],"predecessor-version":[{"id":95636,"href":"https:\/\/arvutipoisid.ee\/et\/wp-json\/wp\/v2\/pages\/93435\/revisions\/95636"}],"wp:attachment":[{"href":"https:\/\/arvutipoisid.ee\/et\/wp-json\/wp\/v2\/media?parent=93435"}],"curies":[{"name":"wp","href":"https:\/\/api.w.org\/{rel}","templated":true}]}}