{"id":87475,"date":"2026-02-20T08:18:19","date_gmt":"2026-02-20T06:18:19","guid":{"rendered":"https:\/\/arvutiposid.ee\/product\/apple-macbook-air-m4-16gb-256-mac-os-polnoc-10r-gpu\/"},"modified":"2026-04-27T06:05:46","modified_gmt":"2026-04-27T04:05:46","slug":"apple-macbook-air-m4-16gb-256-mac-os-polnoc-10r-gpu","status":"publish","type":"product","link":"https:\/\/arvutipoisid.ee\/et\/toode\/apple-macbook-air-m4-16gb-256-mac-os-polnoc-10r-gpu\/","title":{"rendered":"Apple MacBook Air M4\/16GB\/256\/Mac OS S\u00fcda\u00f6\u00f6 10R GPU"},"content":{"rendered":"","protected":false},"excerpt":{"rendered":"","protected":false},"featured_media":11410,"template":"","meta":[],"product_brand":[],"product_cat":[3643,3642,3288,3287],"product_tag":[],"class_list":{"0":"post-87475","1":"product","2":"type-product","3":"status-publish","4":"has-post-thumbnail","6":"product_cat-3643","7":"product_cat-laptop-15","8":"product_cat-laptop-notebook-ultrabook","9":"product_cat-laptopy-i-komputery","11":"first","12":"instock","13":"taxable","14":"shipping-taxable","15":"purchasable","16":"product-type-simple"},"_links":{"self":[{"href":"https:\/\/arvutipoisid.ee\/et\/wp-json\/wp\/v2\/product\/87475","targetHints":{"allow":["GET"]}}],"collection":[{"href":"https:\/\/arvutipoisid.ee\/et\/wp-json\/wp\/v2\/product"}],"about":[{"href":"https:\/\/arvutipoisid.ee\/et\/wp-json\/wp\/v2\/types\/product"}],"version-history":[{"count":1,"href":"https:\/\/arvutipoisid.ee\/et\/wp-json\/wp\/v2\/product\/87475\/revisions"}],"predecessor-version":[{"id":94217,"href":"https:\/\/arvutipoisid.ee\/et\/wp-json\/wp\/v2\/product\/87475\/revisions\/94217"}],"wp:featuredmedia":[{"embeddable":true,"href":"https:\/\/arvutipoisid.ee\/et\/wp-json\/wp\/v2\/media\/11410"}],"wp:attachment":[{"href":"https:\/\/arvutipoisid.ee\/et\/wp-json\/wp\/v2\/media?parent=87475"}],"wp:term":[{"taxonomy":"product_brand","embeddable":true,"href":"https:\/\/arvutipoisid.ee\/et\/wp-json\/wp\/v2\/product_brand?post=87475"},{"taxonomy":"product_cat","embeddable":true,"href":"https:\/\/arvutipoisid.ee\/et\/wp-json\/wp\/v2\/product_cat?post=87475"},{"taxonomy":"product_tag","embeddable":true,"href":"https:\/\/arvutipoisid.ee\/et\/wp-json\/wp\/v2\/product_tag?post=87475"}],"curies":[{"name":"wp","href":"https:\/\/api.w.org\/{rel}","templated":true}]}}