{"id":90192,"date":"2026-02-20T08:27:11","date_gmt":"2026-02-20T06:27:11","guid":{"rendered":"https:\/\/arvutiposid.ee\/product\/apple-macbook-air-m4-24gb-512-mac-os-polnoc-10r-gpu-2\/"},"modified":"2026-04-24T09:30:16","modified_gmt":"2026-04-24T07:30:16","slug":"apple-macbook-air-m4-24gb-512-mac-os-polnoc-10r-gpu-2","status":"publish","type":"product","link":"https:\/\/arvutipoisid.ee\/et\/toode\/apple-macbook-air-m4-24gb-512-mac-os-polnoc-10r-gpu-2\/","title":{"rendered":"Apple MacBook Air M4\/24GB\/512\/Mac OS S\u00fcda\u00f6\u00f6 10R GPU"},"content":{"rendered":"","protected":false},"excerpt":{"rendered":"","protected":false},"featured_media":14080,"template":"","meta":[],"product_brand":[],"product_cat":[4595,3288,3287],"product_tag":[],"class_list":{"0":"post-90192","1":"product","2":"type-product","3":"status-publish","4":"has-post-thumbnail","6":"product_cat-laptop-13-i-mniejsze","7":"product_cat-laptop-notebook-ultrabook","8":"product_cat-laptopy-i-komputery","10":"first","11":"instock","12":"taxable","13":"shipping-taxable","14":"purchasable","15":"product-type-simple"},"_links":{"self":[{"href":"https:\/\/arvutipoisid.ee\/et\/wp-json\/wp\/v2\/product\/90192","targetHints":{"allow":["GET"]}}],"collection":[{"href":"https:\/\/arvutipoisid.ee\/et\/wp-json\/wp\/v2\/product"}],"about":[{"href":"https:\/\/arvutipoisid.ee\/et\/wp-json\/wp\/v2\/types\/product"}],"version-history":[{"count":0,"href":"https:\/\/arvutipoisid.ee\/et\/wp-json\/wp\/v2\/product\/90192\/revisions"}],"wp:featuredmedia":[{"embeddable":true,"href":"https:\/\/arvutipoisid.ee\/et\/wp-json\/wp\/v2\/media\/14080"}],"wp:attachment":[{"href":"https:\/\/arvutipoisid.ee\/et\/wp-json\/wp\/v2\/media?parent=90192"}],"wp:term":[{"taxonomy":"product_brand","embeddable":true,"href":"https:\/\/arvutipoisid.ee\/et\/wp-json\/wp\/v2\/product_brand?post=90192"},{"taxonomy":"product_cat","embeddable":true,"href":"https:\/\/arvutipoisid.ee\/et\/wp-json\/wp\/v2\/product_cat?post=90192"},{"taxonomy":"product_tag","embeddable":true,"href":"https:\/\/arvutipoisid.ee\/et\/wp-json\/wp\/v2\/product_tag?post=90192"}],"curies":[{"name":"wp","href":"https:\/\/api.w.org\/{rel}","templated":true}]}}