{"id":93026,"date":"2026-03-27T20:54:19","date_gmt":"2026-03-27T18:54:19","guid":{"rendered":"https:\/\/arvutiposid.ee\/product\/apple-macbook-neo-a18-pro-8gb-512-mac-os-touchid-cytrusowozolty\/"},"modified":"2026-04-24T09:30:19","modified_gmt":"2026-04-24T07:30:19","slug":"apple-macbook-neo-a18-pro-8gb-512-mac-os-touchid-cytrusowozolty","status":"publish","type":"product","link":"https:\/\/arvutipoisid.ee\/et\/toode\/apple-macbook-neo-a18-pro-8gb-512-mac-os-touchid-cytrusowozolty\/","title":{"rendered":"Apple MacBook Neo A18 Pro\/8GB\/512\/Mac OS TouchID Cytrusowo\u017c\u00f3\u0142ty"},"content":{"rendered":"","protected":false},"excerpt":{"rendered":"","protected":false},"featured_media":92726,"template":"","meta":[],"product_brand":[],"product_cat":[4595,3288,3287],"product_tag":[],"class_list":{"0":"post-93026","1":"product","2":"type-product","3":"status-publish","4":"has-post-thumbnail","6":"product_cat-laptop-13-i-mniejsze","7":"product_cat-laptop-notebook-ultrabook","8":"product_cat-laptopy-i-komputery","10":"first","11":"instock","12":"taxable","13":"shipping-taxable","14":"purchasable","15":"product-type-simple"},"_links":{"self":[{"href":"https:\/\/arvutipoisid.ee\/et\/wp-json\/wp\/v2\/product\/93026","targetHints":{"allow":["GET"]}}],"collection":[{"href":"https:\/\/arvutipoisid.ee\/et\/wp-json\/wp\/v2\/product"}],"about":[{"href":"https:\/\/arvutipoisid.ee\/et\/wp-json\/wp\/v2\/types\/product"}],"version-history":[{"count":1,"href":"https:\/\/arvutipoisid.ee\/et\/wp-json\/wp\/v2\/product\/93026\/revisions"}],"predecessor-version":[{"id":94395,"href":"https:\/\/arvutipoisid.ee\/et\/wp-json\/wp\/v2\/product\/93026\/revisions\/94395"}],"wp:featuredmedia":[{"embeddable":true,"href":"https:\/\/arvutipoisid.ee\/et\/wp-json\/wp\/v2\/media\/92726"}],"wp:attachment":[{"href":"https:\/\/arvutipoisid.ee\/et\/wp-json\/wp\/v2\/media?parent=93026"}],"wp:term":[{"taxonomy":"product_brand","embeddable":true,"href":"https:\/\/arvutipoisid.ee\/et\/wp-json\/wp\/v2\/product_brand?post=93026"},{"taxonomy":"product_cat","embeddable":true,"href":"https:\/\/arvutipoisid.ee\/et\/wp-json\/wp\/v2\/product_cat?post=93026"},{"taxonomy":"product_tag","embeddable":true,"href":"https:\/\/arvutipoisid.ee\/et\/wp-json\/wp\/v2\/product_tag?post=93026"}],"curies":[{"name":"wp","href":"https:\/\/api.w.org\/{rel}","templated":true}]}}