{"id":94754,"date":"2026-04-14T11:56:08","date_gmt":"2026-04-14T09:56:08","guid":{"rendered":"https:\/\/arvutipoisid.ee\/product\/apple-macbook-air-m2-16gb-256-mac-os-polnoc-8r-gpu\/"},"modified":"2026-04-27T14:40:09","modified_gmt":"2026-04-27T12:40:09","slug":"apple-macbook-air-m2-16gb-256-mac-os-polnoc-8r-gpu","status":"publish","type":"product","link":"https:\/\/arvutipoisid.ee\/et\/toode\/apple-macbook-air-m2-16gb-256-mac-os-polnoc-8r-gpu\/","title":{"rendered":"Apple MacBook Air M2\/16GB\/256\/Mac OS S\u00fcda\u00f6\u00f6 8R GPU"},"content":{"rendered":"","protected":false},"excerpt":{"rendered":"","protected":false},"featured_media":82651,"template":"","meta":[],"product_brand":[],"product_cat":[4595,3288,3287],"product_tag":[],"class_list":{"0":"post-94754","1":"product","2":"type-product","3":"status-publish","4":"has-post-thumbnail","6":"product_cat-laptop-13-i-mniejsze","7":"product_cat-laptop-notebook-ultrabook","8":"product_cat-laptopy-i-komputery","10":"first","11":"instock","12":"taxable","13":"shipping-taxable","14":"purchasable","15":"product-type-simple"},"_links":{"self":[{"href":"https:\/\/arvutipoisid.ee\/et\/wp-json\/wp\/v2\/product\/94754","targetHints":{"allow":["GET"]}}],"collection":[{"href":"https:\/\/arvutipoisid.ee\/et\/wp-json\/wp\/v2\/product"}],"about":[{"href":"https:\/\/arvutipoisid.ee\/et\/wp-json\/wp\/v2\/types\/product"}],"version-history":[{"count":0,"href":"https:\/\/arvutipoisid.ee\/et\/wp-json\/wp\/v2\/product\/94754\/revisions"}],"wp:featuredmedia":[{"embeddable":true,"href":"https:\/\/arvutipoisid.ee\/et\/wp-json\/wp\/v2\/media\/82651"}],"wp:attachment":[{"href":"https:\/\/arvutipoisid.ee\/et\/wp-json\/wp\/v2\/media?parent=94754"}],"wp:term":[{"taxonomy":"product_brand","embeddable":true,"href":"https:\/\/arvutipoisid.ee\/et\/wp-json\/wp\/v2\/product_brand?post=94754"},{"taxonomy":"product_cat","embeddable":true,"href":"https:\/\/arvutipoisid.ee\/et\/wp-json\/wp\/v2\/product_cat?post=94754"},{"taxonomy":"product_tag","embeddable":true,"href":"https:\/\/arvutipoisid.ee\/et\/wp-json\/wp\/v2\/product_tag?post=94754"}],"curies":[{"name":"wp","href":"https:\/\/api.w.org\/{rel}","templated":true}]}}