{"id":93421,"date":"2026-01-19T18:30:10","date_gmt":"2026-01-19T16:30:10","guid":{"rendered":"https:\/\/arvutiposid.ee\/about-us\/"},"modified":"2026-04-21T16:40:43","modified_gmt":"2026-04-21T14:40:43","slug":"yritystiedot","status":"publish","type":"page","link":"https:\/\/arvutipoisid.ee\/fi\/yritystiedot\/","title":{"rendered":"Yritystiedot"},"content":{"rendered":"\t\t<div data-elementor-type=\"wp-page\" data-elementor-id=\"93421\" class=\"elementor elementor-93421 elementor-14178\" wpc-filter-elementor-widget=\"1\">\n\t\t\t\t<div class=\"wd-negative-gap elementor-element elementor-element-1e786356 wd-section-stretch e-flex e-con-boxed e-con e-parent\" data-id=\"1e786356\" data-element_type=\"container\" data-e-type=\"container\" data-settings=\"{&quot;background_background&quot;:&quot;classic&quot;}\">\n\t\t\t\t\t<div class=\"e-con-inner\">\n\t\t\t\t<div class=\"elementor-element elementor-element-5404e912 elementor-widget elementor-widget-wd_text_block\" data-id=\"5404e912\" data-element_type=\"widget\" data-e-type=\"widget\" data-widget_type=\"wd_text_block.default\">\n\t\t\t\t<div class=\"elementor-widget-container\">\n\t\t\t\t\t\t\t<div class=\"wd-text-block reset-last-child text-center\">\n\t\t\t\n\t\t\t<p><strong>Arvutipoisid.ee<\/strong> on MT SHOPin (www.mts.ee) alabr\u00e4ndi, joka on luotu yhdell\u00e4 selke\u00e4ll\u00e4 tavoitteella: myyd\u00e4 kannettavia tietokoneita ja auttaa asiakkaita valitsemaan oikea laite ilman turhaa vaivaa.<\/p><p><strong>MT SHOP (KMS Projektiabi O\u00dc)<\/strong> on toiminut Viron markkinoilla jo yli 20 vuotta ja kartuttanut t\u00e4n\u00e4 aikana vahvaa kokemusta verkkokaupasta, asiakaspalvelusta ja luotettavasta tilausten toimituksesta. Siin\u00e4 miss\u00e4 <strong>MT SHOP<\/strong> kokoaa yhteen laajan valikoiman ty\u00f6kaluja ja laitteita, Arvutipoisid.ee keskittyy nimenomaan kannettaviin tietokoneisiin \u2014 sill\u00e4 sopivan kannettavan valinnan ei pit\u00e4isi tuntua teknisten ominaisuuksien ja markkinointipuheiden arvailupelilt\u00e4. Tavoitteemme on tehd\u00e4 p\u00e4\u00e4t\u00f6ksest\u00e4 yksinkertainen ja k\u00e4yt\u00e4nn\u00f6llinen, tarvitsitpa luotettavan ty\u00f6v\u00e4lineen yritysk\u00e4ytt\u00f6\u00f6n, hyv\u00e4n kannettavan opiskeluun tai tehokkaan laitteen luovaan ty\u00f6h\u00f6n ja vaativampaan k\u00e4ytt\u00f6\u00f6n.<\/p><p>Palvelemme yksityisasiakkaita, yrityksi\u00e4 ja valtionyhti\u00f6it\u00e4, jotka arvostavat j\u00e4rkev\u00e4\u00e4 ja tavoitteellista kannettavan tietokoneen hankintaa ilman ajan hukkaamista.<\/p><p>Toivotamme sinulle miellytt\u00e4vi\u00e4 ostoshetki\u00e4!<\/p><p><strong>Arvutipoisid.ee<\/strong><\/p>\n\t\t\t\t\t<\/div>\n\t\t\t\t\t\t<\/div>\n\t\t\t\t<\/div>\n\t\t\t\t\t<\/div>\n\t\t\t\t<\/div>\n\t\t\t\t<\/div>\n\t\t","protected":false},"excerpt":{"rendered":"<p>Arvutipoisid.ee on MT SHOPin (www.mts.ee) alabr\u00e4ndi, joka on luotu yhdell\u00e4 selke\u00e4ll\u00e4 tavoitteella: myyd\u00e4 kannettavia tietokoneita ja auttaa asiakkaita valitsemaan oikea<\/p>\n","protected":false},"author":1,"featured_media":0,"parent":0,"menu_order":0,"comment_status":"closed","ping_status":"closed","template":"elementor_header_footer","meta":{"footnotes":""},"class_list":["post-93421","page","type-page","status-publish","hentry"],"_links":{"self":[{"href":"https:\/\/arvutipoisid.ee\/fi\/wp-json\/wp\/v2\/pages\/93421","targetHints":{"allow":["GET"]}}],"collection":[{"href":"https:\/\/arvutipoisid.ee\/fi\/wp-json\/wp\/v2\/pages"}],"about":[{"href":"https:\/\/arvutipoisid.ee\/fi\/wp-json\/wp\/v2\/types\/page"}],"author":[{"embeddable":true,"href":"https:\/\/arvutipoisid.ee\/fi\/wp-json\/wp\/v2\/users\/1"}],"replies":[{"embeddable":true,"href":"https:\/\/arvutipoisid.ee\/fi\/wp-json\/wp\/v2\/comments?post=93421"}],"version-history":[{"count":13,"href":"https:\/\/arvutipoisid.ee\/fi\/wp-json\/wp\/v2\/pages\/93421\/revisions"}],"predecessor-version":[{"id":95542,"href":"https:\/\/arvutipoisid.ee\/fi\/wp-json\/wp\/v2\/pages\/93421\/revisions\/95542"}],"wp:attachment":[{"href":"https:\/\/arvutipoisid.ee\/fi\/wp-json\/wp\/v2\/media?parent=93421"}],"curies":[{"name":"wp","href":"https:\/\/api.w.org\/{rel}","templated":true}]}}