{"id":93425,"date":"2026-01-19T18:34:41","date_gmt":"2026-01-19T16:34:41","guid":{"rendered":"https:\/\/arvutiposid.ee\/?page_id=93425"},"modified":"2026-04-21T21:10:49","modified_gmt":"2026-04-21T19:10:49","slug":"maksaa-osamaksulla","status":"publish","type":"page","link":"https:\/\/arvutipoisid.ee\/fi\/maksaa-osamaksulla\/","title":{"rendered":"Maksaa osamaksulla"},"content":{"rendered":"\t\t<div data-elementor-type=\"wp-page\" data-elementor-id=\"93425\" class=\"elementor elementor-93425 elementor-14193\" wpc-filter-elementor-widget=\"1\">\n\t\t\t\t<div class=\"wd-negative-gap elementor-element elementor-element-a9dea71 e-flex e-con-boxed e-con e-parent\" data-id=\"a9dea71\" data-element_type=\"container\" data-e-type=\"container\">\n\t\t\t\t\t<div class=\"e-con-inner\">\n\t\t\t\t<div class=\"elementor-element elementor-element-0424236 e-n-tabs-mobile elementor-widget elementor-widget-n-tabs\" data-id=\"0424236\" data-element_type=\"widget\" data-e-type=\"widget\" data-settings=\"{&quot;horizontal_scroll&quot;:&quot;disable&quot;}\" data-widget_type=\"nested-tabs.default\">\n\t\t\t\t\t\t\t<div class=\"e-n-tabs\" data-widget-number=\"4342326\" aria-label=\"Tabs. Open items with Enter or Space, close with Escape and navigate using the Arrow keys.\">\n\t\t\t<div class=\"e-n-tabs-heading\" role=\"tablist\">\n\t\t\t\t\t<button id=\"e-n-tab-title-43423261\" data-tab-title-id=\"e-n-tab-title-43423261\" class=\"e-n-tab-title\" aria-selected=\"true\" data-tab-index=\"1\" role=\"tab\" tabindex=\"0\" aria-controls=\"e-n-tab-content-43423261\" style=\"--n-tabs-title-order: 1;\">\n\t\t\t\t\t\t<span class=\"e-n-tab-title-text\">\n\t\t\t\tESTO Osamaksu\t\t\t<\/span>\n\t\t<\/button>\n\t\t\t\t<button id=\"e-n-tab-title-43423262\" data-tab-title-id=\"e-n-tab-title-43423262\" class=\"e-n-tab-title\" aria-selected=\"false\" data-tab-index=\"2\" role=\"tab\" tabindex=\"-1\" aria-controls=\"e-n-tab-content-43423262\" style=\"--n-tabs-title-order: 2;\">\n\t\t\t\t\t\t<span class=\"e-n-tab-title-text\">\n\t\t\t\tLiisi Osamaksu\t\t\t<\/span>\n\t\t<\/button>\n\t\t\t\t<button id=\"e-n-tab-title-43423263\" data-tab-title-id=\"e-n-tab-title-43423263\" class=\"e-n-tab-title\" aria-selected=\"false\" data-tab-index=\"3\" role=\"tab\" tabindex=\"-1\" aria-controls=\"e-n-tab-content-43423263\" style=\"--n-tabs-title-order: 3;\">\n\t\t\t\t\t\t<span class=\"e-n-tab-title-text\">\n\t\t\t\tESTO 3\t\t\t<\/span>\n\t\t<\/button>\n\t\t\t\t<button id=\"e-n-tab-title-43423264\" data-tab-title-id=\"e-n-tab-title-43423264\" class=\"e-n-tab-title\" aria-selected=\"false\" data-tab-index=\"4\" role=\"tab\" tabindex=\"-1\" aria-controls=\"e-n-tab-content-43423264\" style=\"--n-tabs-title-order: 4;\">\n\t\t\t\t\t\t<span class=\"e-n-tab-title-text\">\n\t\t\t\tESTO Maksa my\u00f6hemmin\t\t\t<\/span>\n\t\t<\/button>\n\t\t\t\t<button id=\"e-n-tab-title-43423265\" data-tab-title-id=\"e-n-tab-title-43423265\" class=\"e-n-tab-title\" aria-selected=\"false\" data-tab-index=\"5\" role=\"tab\" tabindex=\"-1\" aria-controls=\"e-n-tab-content-43423265\" style=\"--n-tabs-title-order: 5;\">\n\t\t\t\t\t\t<span class=\"e-n-tab-title-text\">\n\t\t\t\tInbank\t\t\t<\/span>\n\t\t<\/button>\n\t\t\t\t\t<\/div>\n\t\t\t<div class=\"e-n-tabs-content\">\n\t\t\t\t<div id=\"e-n-tab-content-43423261\" role=\"tabpanel\" aria-labelledby=\"e-n-tab-title-43423261\" data-tab-index=\"1\" style=\"--n-tabs-title-order: 1;\" class=\"e-active elementor-element elementor-element-9663657 e-con-full e-flex e-con e-child\" data-id=\"9663657\" data-element_type=\"container\" data-e-type=\"container\">\n\t\t<div class=\"wd-negative-gap elementor-element elementor-element-47e0643 e-flex e-con-boxed e-con e-child\" data-id=\"47e0643\" data-element_type=\"container\" data-e-type=\"container\">\n\t\t\t\t\t<div class=\"e-con-inner\">\n\t\t\t\t<div class=\"elementor-element elementor-element-7e340e7 elementor-widget elementor-widget-wd_text_block\" data-id=\"7e340e7\" data-element_type=\"widget\" data-e-type=\"widget\" data-widget_type=\"wd_text_block.default\">\n\t\t\t\t<div class=\"elementor-widget-container\">\n\t\t\t\t\t\t\t<div class=\"wd-text-block reset-last-child text-left\">\n\t\t\t\n\t\t\t<p><strong>ESTO osamaksu \u2013 etk\u00f6 halua maksaa koko summaa kerralla? Maksa eriss\u00e4!<\/strong><\/p>\n<p>Arvutipoisid.ee tarjoaa yhteisty\u00f6ss\u00e4 ESTO AS:n kanssa (ESTO osamaksu) osamaksumahdollisuutta sek\u00e4 yksityishenkil\u00f6ille ett\u00e4 oikeushenkil\u00f6ille kaikille ESTOsta ostetuille tuotteille sill\u00e4 ehdolla, ett\u00e4 ostettavan tuotteen hinta yksitt\u00e4in tai ostoskorin kokonaissumma on 100\u201310 000 EUR.<\/p>\n<p>K\u00e4yt\u00e4 tuotteiden tai palveluiden maksamiseen juuri ESTO osamaksua \u2013 edullisinta, mukavinta ja nopeinta osamaksuratkaisua Virossa! Lis\u00e4\u00e4 tuote tai tuotteet ostoskoriin, valitse maksutavoista ESTO osamaksu ja hae osamaksua. Hakemuksen yhteydess\u00e4 valitse sopiva ajanjakso, kuukausier\u00e4n suuruus ja allekirjoita digitaalisesti k\u00e4tev\u00e4sti ID-kortilla tai Mobiili-ID:ll\u00e4. ESTO osamaksu on eritt\u00e4in nopea ja k\u00e4tev\u00e4 maksutapa, joka auttaa laatimaan sinulle valitsemasi ajanjakson perusteella maksuaikataulun eli maksamaan eriss\u00e4. T\u00e4m\u00e4 maksutapa tekee luottop\u00e4\u00e4t\u00f6ksen reaaliajassa ja auttaa tekem\u00e4\u00e4n ostoksen alle 60 sekunnissa.<\/p>\n<p>Osamaksusopimuksen allekirjoittamisen j\u00e4lkeen sinulle toimitetaan sopiva tavara ESTOn myynti- ja toimitusehtojen mukaisesti.<\/p>\n<p>ESTO osamaksun vakiot ehdot ovat seuraavat:<\/p>\n<p>Korko alkaen 11.9%<br \/>\nSopimusmaksu 0 EUR<br \/>\nJakso enint\u00e4\u00e4n 5 vuotta<br \/>\nESTO osamaksua voivat hakea kaikki 18\u201370-vuotiaat Viron tasavallan kansalaiset.<br \/>\nESTO osamaksu on mahdollista j\u00e4rjest\u00e4\u00e4 nopeasti ja k\u00e4tev\u00e4sti my\u00f6s oikeushenkil\u00f6lle!<\/p>\n<p>Jos haluat ostaa tuotteen verkkokaupastamme ESTO osamaksulla, lis\u00e4\u00e4 tuote tai tuotteet ostoskoriin, valitse maksutavoista \"ESTO osamaksu\" ja hae osamaksua. Saat osamaksup\u00e4\u00e4t\u00f6ksen heti, sopimuksen ja koko ostoprosessin tekeminen kest\u00e4\u00e4 enint\u00e4\u00e4n 60 sekuntia. Noudata n\u00e4yt\u00f6lle tulevia ohjeita!<\/p>\n<p>HUOMIO! Jokainen osamaksu on taloudellinen sitoumus. Ennen osamaksusopimuksen tekemist\u00e4 tutustu kyseisen palvelun ehtoihin ja tarvittaessa kysy neuvoa asiantuntijalta. Jokaiseen taloudelliseen p\u00e4\u00e4t\u00f6kseen liittyy riskej\u00e4 ja velvoitteita, joten pyyd\u00e4mme harkitsemaan lainatuotteiden k\u00e4ytt\u00f6\u00e4 huolellisesti.<\/p>\n<p>Esimerkki todellisesta vuosikorosta:<br \/>\n2049 euron lainasummalla 12 kuukaudeksi, kiinte\u00e4ll\u00e4 11.90% vuosikorolla alkuper\u00e4isest\u00e4 summasta ja 0 euron sopimusmaksulla, luoton todellinen vuosikorko on 23.49%, kuukausier\u00e4 on 191.07 euroa ja kuluttajan takaisinmaksama kokonaissumma on 2292.84 euroa.<\/p>\n<p>ESTO osamaksun tarjoaja on ESTO AS (rekisterikoodi 14180709).<\/p>\n\n\t\t\t\t\t<\/div>\n\t\t\t\t\t\t<\/div>\n\t\t\t\t<\/div>\n\t\t\t\t\t<\/div>\n\t\t\t\t<\/div>\n\t\t\t\t<\/div>\n\t\t<div id=\"e-n-tab-content-43423262\" role=\"tabpanel\" aria-labelledby=\"e-n-tab-title-43423262\" data-tab-index=\"2\" style=\"--n-tabs-title-order: 2;\" class=\" elementor-element elementor-element-16ff64b e-con-full e-flex e-con e-child\" data-id=\"16ff64b\" data-element_type=\"container\" data-e-type=\"container\">\n\t\t<div class=\"wd-negative-gap elementor-element elementor-element-9bd9a9f e-flex e-con-boxed e-con e-child\" data-id=\"9bd9a9f\" data-element_type=\"container\" data-e-type=\"container\">\n\t\t\t\t\t<div class=\"e-con-inner\">\n\t\t\t\t<div class=\"elementor-element elementor-element-4a57e29 elementor-widget elementor-widget-wd_text_block\" data-id=\"4a57e29\" data-element_type=\"widget\" data-e-type=\"widget\" data-widget_type=\"wd_text_block.default\">\n\t\t\t\t<div class=\"elementor-widget-container\">\n\t\t\t\t\t\t\t<div class=\"wd-text-block reset-last-child text-left\">\n\t\t\t\n\t\t\t<p><strong>Arvutipoisid.ee tarjoaa yhteisty\u00f6ss\u00e4 HOLM BANK AS:n kanssa (www.holmbank.ee) osamaksumahdollisuutta (Liisi osamaksu) kaikille Arvutipoisid.ee:st\u00e4 ostetuille tuotteille.<\/strong> Liisi osamaksu auttaa sinua hankkimaan tarvitsemasi tuotteen, sill\u00e4 voit itse valita sopivan k\u00e4sirahan m\u00e4\u00e4r\u00e4n ja sopimuskauden pituuden. Sopimuksen allekirjoittamisen j\u00e4lkeen sinulle toimitetaan sopiva tavara Arvutipoisid.ee:n myynti- ja toimitusehtojen mukaisesti.<\/p>\n<p class=\"Default\"><strong>Liisin edut:<\/strong><\/p>\n<ul>\n<li>Liisi osamaksua voivat hakea kaikkien pankkien asiakkaat<\/li>\n<li>Osamaksulla voi ostaa sek\u00e4 yksitt\u00e4isi\u00e4 tuotteita ett\u00e4 suuremman ostoskorin<\/li>\n<li>Sopimuksen tekeminen tapahtuu kaupassa maksulinkin avulla<\/li>\n<li>Voit valita itsellesi sopivan takaisinmaksuajan<\/li>\n<\/ul>\n<p class=\"Default\"><strong>Liisi osamaksun ehdot<\/strong><\/p>\n<ul>\n<li>Liisi osamaksua voivat hakea kaikki v\u00e4hint\u00e4\u00e4n 18-vuotiaat Viron tasavallan kansalaiset tai henkil\u00f6t, joilla on pysyv\u00e4 oleskelulupa Virossa<\/li>\n<li>Sopimuksen kesto 1\u2013120 kuukautta<\/li>\n<li>Kiinte\u00e4 korko alkaen 10.9 %<\/li>\n<li>Sopimusmaksu 9.9 \u20ac, joka jaetaan tasan osamaksujen kesken.<\/li>\n<li>Allekirjoitusmahdollisuus Smart ID:ll\u00e4, Mobiili ID:ll\u00e4 tai ID-kortilla<\/li>\n<\/ul>\n<p class=\"Default\"><strong>Miten Liisi osamaksua haetaan?<\/strong><\/p>\n<p class=\"Default\">Hakemuksen tekeminen ja sopimuksen solmiminen tapahtuu verkkokaupan maksuvaiheessa. Lis\u00e4\u00e4 sopiva tuote ostoskoriin ja valitse maksutavaksi Liisi osamaksu. Positiivisen p\u00e4\u00e4t\u00f6ksen j\u00e4lkeen lainasopimus laaditaan automaattisesti. Voit valita itsellesi sopivan ajanjakson ja maksup\u00e4iv\u00e4n. T\u00e4m\u00e4n j\u00e4lkeen sopimus allekirjoitetaan ID-kortilla. Allekirjoituksen j\u00e4lkeen kauppa l\u00e4hett\u00e4\u00e4 tuotteen sinulle omien myynti- ja toimitusehtojensa mukaisesti. Kysy rohkeasti Liisi osamaksusta. L\u00f6yd\u00e4mme sinulle aina sopivimman ratkaisun!<\/p>\n<p class=\"Default\"><strong>Huomio!<\/strong> Kyseess\u00e4 on rahoituspalvelu. Tutustu palvelun ehtoihin asiakaspalvelumme kautta puhelimitse +372 58 60 88 00 tai kysy s\u00e4hk\u00f6postitse osoitteesta info@arvutipoisid.ee, ja tarvittaessa kysy neuvoa asiantuntijalta. Jokainen laina on taloudellinen sitoumus. Harkitse p\u00e4\u00e4t\u00f6st\u00e4si huolellisesti \u2013 tutustu lainasopimuksen ehtoihin ja tarvittaessa kysy neuvoa asiantuntijalta.<\/p>\n<p class=\"Default\"><strong>Esimerkki todellisesta vuosikorosta:<\/strong><\/p>\n<p class=\"Default\">Rahoituspalvelun tarjoaja on AS Holm Bank. Tutustu sopimuksen ehtoihin ja kysy neuvoa asiantuntijalta. Luoton todellinen vuosikorko on 26% vuodessa seuraavilla esimerkkiehdoilla: tuotteen k\u00e4teishinta \/ lainasumma 419 \u20ac, sopimusmaksu 9,90 \u20ac, ajanjakso 12 kuukautta, kiinte\u00e4 korko 10,9% vuodessa lainasummasta, maksettava kokonaissumma 474,58 \u20ac ja takaisinmaksujen summa 474,58 \u20ac, takaisinmaksuerien m\u00e4\u00e4r\u00e4 12.<\/p>\n<p class=\"Default\">Palveluntarjoaja on Holm Bank AS.<\/p>\n\n\t\t\t\t\t<\/div>\n\t\t\t\t\t\t<\/div>\n\t\t\t\t<\/div>\n\t\t\t\t\t<\/div>\n\t\t\t\t<\/div>\n\t\t\t\t<\/div>\n\t\t<div id=\"e-n-tab-content-43423263\" role=\"tabpanel\" aria-labelledby=\"e-n-tab-title-43423263\" data-tab-index=\"3\" style=\"--n-tabs-title-order: 3;\" class=\" elementor-element elementor-element-8258cb7 e-con-full e-flex e-con e-child\" data-id=\"8258cb7\" data-element_type=\"container\" data-e-type=\"container\">\n\t\t<div class=\"wd-negative-gap elementor-element elementor-element-f71323a e-flex e-con-boxed e-con e-child\" data-id=\"f71323a\" data-element_type=\"container\" data-e-type=\"container\">\n\t\t\t\t\t<div class=\"e-con-inner\">\n\t\t\t\t<div class=\"elementor-element elementor-element-39a6328 elementor-widget elementor-widget-wd_text_block\" data-id=\"39a6328\" data-element_type=\"widget\" data-e-type=\"widget\" data-widget_type=\"wd_text_block.default\">\n\t\t\t\t<div class=\"elementor-widget-container\">\n\t\t\t\t\t\t\t<div class=\"wd-text-block reset-last-child text-left\">\n\t\t\t\n\t\t\t<p><strong>ESTO 3 on uuden sukupolven maksutapa, jonka avulla voit maksaa mukavasti ja nopeasti - kolmessa yht\u00e4 suuressa osassa ilman lis\u00e4kuluja!<\/strong><\/p>\n<p>Valitse verkkokaupan kassalla ostostesi maksamiseen eritt\u00e4in suosittu ESTO 3-osainen maksutapa!<\/p>\n<p>ESTO 3 auttaa jakamaan ostosumman 3 yht\u00e4 suureen osaan.<\/p>\n<ul>\n<li>Ei lainkaan lis\u00e4kuluja<\/li>\n<li>Vain kolme yht\u00e4 suurta maksua kolmen kuukauden aikana<\/li>\n<li>Ensimm\u00e4inen maksu on vasta ensi kuussa.<\/li>\n<\/ul>\n<p>Maksutavan tarjoaa ja sit\u00e4 hallinnoi ESTO AS.<\/p>\n<p class=\"Default\"><strong>MIK\u00c4 ON ESTO?<\/strong><\/p>\n<p class=\"Default\">ESTO on rahoituspalveluita tarjoava yritys, jonka toiminta alkoi vuonna 2016. Br\u00e4ndi syntyi tarpeesta uuden sukupolven maksuratkaisuille, jotka sopisivat sek\u00e4 loppukuluttajalle ett\u00e4 myyj\u00e4lle. T\u00e4n\u00e4 p\u00e4iv\u00e4n\u00e4 ESTO tarjoaa Baltian laajimman valikoiman erilaisia maksuratkaisuja, ja ESTOn yhteisty\u00f6verkostoon kuuluu yli 2000 yhteisty\u00f6kumppania ja kauppaa sek\u00e4 yli 200 000 asiakasta.<\/p>\n<p class=\"Default\">Tutustu ehtoihin t\u00e4\u00e4ll\u00e4: esto.eu\/ee<\/p>\n<p class=\"Default\">Tarvittaessa ota yhteytt\u00e4 ESTO AS:n ty\u00f6ntekij\u00e4\u00e4n - info@esto.ee tai www.esto.ee LIVE chat -ikkunassa.<\/p>\n\n\t\t\t\t\t<\/div>\n\t\t\t\t\t\t<\/div>\n\t\t\t\t<\/div>\n\t\t\t\t\t<\/div>\n\t\t\t\t<\/div>\n\t\t\t\t<\/div>\n\t\t<div id=\"e-n-tab-content-43423264\" role=\"tabpanel\" aria-labelledby=\"e-n-tab-title-43423264\" data-tab-index=\"4\" style=\"--n-tabs-title-order: 4;\" class=\" elementor-element elementor-element-2ec0c74 e-con-full e-flex e-con e-child\" data-id=\"2ec0c74\" data-element_type=\"container\" data-e-type=\"container\">\n\t\t<div class=\"wd-negative-gap elementor-element elementor-element-20825e6 e-flex e-con-boxed e-con e-child\" data-id=\"20825e6\" data-element_type=\"container\" data-e-type=\"container\">\n\t\t\t\t\t<div class=\"e-con-inner\">\n\t\t\t\t<div class=\"elementor-element elementor-element-15dd6c3 elementor-widget elementor-widget-wd_text_block\" data-id=\"15dd6c3\" data-element_type=\"widget\" data-e-type=\"widget\" data-widget_type=\"wd_text_block.default\">\n\t\t\t\t<div class=\"elementor-widget-container\">\n\t\t\t\t\t\t\t<div class=\"wd-text-block reset-last-child text-left\">\n\t\t\t\n\t\t\t<p><strong>ESTO tekee ostamisesta helpompaa!<\/strong><\/p>\n<p>Valitse ostostesi maksamiseen markkinoiden uusin maksutapa - ESTO Maksa my\u00f6hemmin! Vahvista ostos vain parilla klikkauksella ja maksa takaisin ilman mit\u00e4\u00e4n lis\u00e4kuluja!<\/p>\n<p>Ole fiksu ja valitse ostostesi maksamiseen ESTO Maksa my\u00f6hemmin! Uusi ja innovatiivinen maksutapa auttaa maksamaan ostokset k\u00e4tev\u00e4sti 30 p\u00e4iv\u00e4n kuluessa. ESTO Maksa my\u00f6hemmin on fiksujen ihmisten maksutapa - saat tavaran heti ja maksat takaisin joustavan takaisinmaksuaikataulun mukaan. Hanki juuri se, mit\u00e4 tarvitset, vain parilla klikkauksella - ei korkoa, lis\u00e4kuluja eik\u00e4 k\u00e4sirahaa.<\/p>\n<ul>\n<li>Joustava takaisinmaksuaikataulu<\/li>\n<li>Saat tavaran heti ja maksat 30 p\u00e4iv\u00e4n kuluessa<\/li>\n<li>0% korko ja 0 \u20ac lis\u00e4kuluja<\/li>\n<\/ul>\n<p>ESTO Maksa my\u00f6hemmin -maksutapaa tarjoaa ja hallinnoi ESTO AS.<\/p>\n<p class=\"Default\"><strong>MIK\u00c4 ON ESTO?<\/strong><\/p>\n<p class=\"Default\">ESTO on rahoituspalveluita tarjoava yritys, jonka toiminta alkoi vuonna 2016. Br\u00e4ndi syntyi tarpeesta uuden sukupolven maksuratkaisuille, jotka sopisivat sek\u00e4 loppukuluttajalle ett\u00e4 myyj\u00e4lle. T\u00e4n\u00e4 p\u00e4iv\u00e4n\u00e4 ESTO tarjoaa Baltian laajimman valikoiman erilaisia maksuratkaisuja, ja ESTOn yhteisty\u00f6verkostoon kuuluu yli 2000 yhteisty\u00f6kumppania ja kauppaa sek\u00e4 yli 200 000 asiakasta.<\/p>\n<p class=\"Default\">Tutustu ehtoihin t\u00e4\u00e4ll\u00e4: esto.eu\/ee<\/p>\n<p class=\"Default\">Tarvittaessa ota yhteytt\u00e4 ESTO AS:n ty\u00f6ntekij\u00e4\u00e4n - info@esto.ee tai www.esto.ee LIVE chat -ikkunassa.<\/p>\n\n\t\t\t\t\t<\/div>\n\t\t\t\t\t\t<\/div>\n\t\t\t\t<\/div>\n\t\t\t\t\t<\/div>\n\t\t\t\t<\/div>\n\t\t\t\t<\/div>\n\t\t<div id=\"e-n-tab-content-43423265\" role=\"tabpanel\" aria-labelledby=\"e-n-tab-title-43423265\" data-tab-index=\"5\" style=\"--n-tabs-title-order: 5;\" class=\" elementor-element elementor-element-99d0c4d e-con-full e-flex e-con e-child\" data-id=\"99d0c4d\" data-element_type=\"container\" data-e-type=\"container\">\n\t\t<div class=\"wd-negative-gap elementor-element elementor-element-14c55b2 e-flex e-con-boxed e-con e-child\" data-id=\"14c55b2\" data-element_type=\"container\" data-e-type=\"container\">\n\t\t\t\t\t<div class=\"e-con-inner\">\n\t\t\t\t<div class=\"elementor-element elementor-element-26b5bf5 elementor-widget elementor-widget-wd_text_block\" data-id=\"26b5bf5\" data-element_type=\"widget\" data-e-type=\"widget\" data-widget_type=\"wd_text_block.default\">\n\t\t\t\t<div class=\"elementor-widget-container\">\n\t\t\t\t\t\t\t<div class=\"wd-text-block reset-last-child text-left\">\n\t\t\t\n\t\t\t<p><strong>Inbank maksa ensi kuussa<\/strong><\/p>\n<p>Arvutipoisid.ee tarjoaa sinulle nopean ja k\u00e4tev\u00e4n mahdollisuuden maksaa tuotteet Inbank maksa ensi kuussa -maksutavalla.<br \/>\nInbank maksa ensi kuussa mahdollistaa ostosten maksamisen vasta ensi kuussa ilman korkoja ja palvelumaksuja!<\/p>\n<ul>\n<li>Maksa ensi kuun 25. p\u00e4iv\u00e4n\u00e4<\/li>\n<li>Voimassa 30 \u20ac \u2013 800 \u20ac ostoksille<\/li>\n<li>0 \u20ac lis\u00e4kuluja<\/li>\n<\/ul>\n<p class=\"Default\"><strong>Inbank jaa osiin<\/strong><\/p>\n<ul>\n<li>Maksa 3 yht\u00e4 suuressa er\u00e4ss\u00e4<\/li>\n<li>Voimassa 75 \u20ac \u2013 2500 \u20ac ostoksille<\/li>\n<li>0 \u20ac lis\u00e4kuluja<\/li>\n<\/ul>\n<p class=\"Default\"><strong>Inbank osamaksu<\/strong><\/p>\n<p class=\"Default\">Osamaksussa asiakkaalle sovelletaan lis\u00e4maksuja sopimuksen tekemishetkell\u00e4 ilmoitettujen tietojen mukaisesti. Osamaksu on maksutapa, jossa asiakas valitsee itse kuukausier\u00e4n suuruuden ja sen mukaan my\u00f6s sopimuskauden pituuden. Osamaksu on luottosopimus, ja sopimukseen sovelletaan kaikkia rahoitussopimuksen ehtoja. Asiakas voi aina maksaa osamaksusopimuksen takaisin ennenaikaisesti ilmoittamalla siit\u00e4 osoitteeseen info@inbank.ee.<\/p>\n<p class=\"Default\"><strong>Osamaksun ehdot:<\/strong><\/p>\n<ul>\n<li>Ostosumma: 100 \u2013 10 000 EUR<\/li>\n<li>K\u00e4siraha alkaen 0 EUR<\/li>\n<li>Ajanjakso: 3 \u2013 60 kuukautta<\/li>\n<li>Vuosikorko 11,0%<\/li>\n<li>Sopimusmaksu: 15 \u20ac<\/li>\n<li>Sopimuksen hallinnointimaksu: 0,9 \u20ac\/kk (sis\u00e4ltyy osamaksueriin)<\/li>\n<\/ul>\n<p class=\"Default\">Inbank osamaksun todellinen vuosikorko on 28,42% vuodessa seuraavilla esimerkkiehdoilla: sopimuskohteen k\u00e4teishinta (nettohinta) 1000 EUR, luoton m\u00e4\u00e4r\u00e4 1000 EUR, k\u00e4siraha 0 EUR, sopimuskausi 12 kuukautta, kiinte\u00e4 vuosikorko 11% laskettuna ostosummasta, sopimusmaksu 15 EUR, kuukausittainen hallinnointimaksu 0,9 EUR. Kuukausier\u00e4 on 94,44 EUR, luoton kokonaissumma ja takaisinmaksujen summa 1133,22 EUR. Rahoituspalvelun tarjoaja on AS Inbank Finance (Niine 11, Tallinn, www.inbank.ee, puh. 640 8080). Tutustu ehtoihin ennen sopimuksen tekemist\u00e4 ja kysy tarvittaessa neuvoa.<\/p>\n<p class=\"Default\">Luottotuotteiden palveluntarjoaja on AS Inbank Finance.<\/p>\n\n\t\t\t\t\t<\/div>\n\t\t\t\t\t\t<\/div>\n\t\t\t\t<\/div>\n\t\t\t\t\t<\/div>\n\t\t\t\t<\/div>\n\t\t\t\t<\/div>\n\t\t\t\t\t<\/div>\n\t\t<\/div>\n\t\t\t\t\t\t<\/div>\n\t\t\t\t\t<\/div>\n\t\t\t\t<\/div>\n\t\t\t\t<\/div>\n\t\t","protected":false},"excerpt":{"rendered":"<p>ESTO Osamaksu Liisi Osamaksu ESTO 3 ESTO Maksa my\u00f6hemmin Inbank ESTO osamaksu \u2013 etk\u00f6 halua maksaa koko summaa kerralla? Maksa<\/p>\n","protected":false},"author":1,"featured_media":0,"parent":0,"menu_order":0,"comment_status":"closed","ping_status":"closed","template":"elementor_header_footer","meta":{"footnotes":""},"class_list":["post-93425","page","type-page","status-publish","hentry"],"_links":{"self":[{"href":"https:\/\/arvutipoisid.ee\/fi\/wp-json\/wp\/v2\/pages\/93425","targetHints":{"allow":["GET"]}}],"collection":[{"href":"https:\/\/arvutipoisid.ee\/fi\/wp-json\/wp\/v2\/pages"}],"about":[{"href":"https:\/\/arvutipoisid.ee\/fi\/wp-json\/wp\/v2\/types\/page"}],"author":[{"embeddable":true,"href":"https:\/\/arvutipoisid.ee\/fi\/wp-json\/wp\/v2\/users\/1"}],"replies":[{"embeddable":true,"href":"https:\/\/arvutipoisid.ee\/fi\/wp-json\/wp\/v2\/comments?post=93425"}],"version-history":[{"count":30,"href":"https:\/\/arvutipoisid.ee\/fi\/wp-json\/wp\/v2\/pages\/93425\/revisions"}],"predecessor-version":[{"id":95582,"href":"https:\/\/arvutipoisid.ee\/fi\/wp-json\/wp\/v2\/pages\/93425\/revisions\/95582"}],"wp:attachment":[{"href":"https:\/\/arvutipoisid.ee\/fi\/wp-json\/wp\/v2\/media?parent=93425"}],"curies":[{"name":"wp","href":"https:\/\/api.w.org\/{rel}","templated":true}]}}