{"id":93429,"date":"2026-01-19T18:37:15","date_gmt":"2026-01-19T16:37:15","guid":{"rendered":"https:\/\/arvutiposid.ee\/purchase-and-delivery\/"},"modified":"2026-04-21T20:49:52","modified_gmt":"2026-04-21T18:49:52","slug":"ostotuki-ja-toimitus","status":"publish","type":"page","link":"https:\/\/arvutipoisid.ee\/fi\/ostotuki-ja-toimitus\/","title":{"rendered":"Ostotuki ja toimitus"},"content":{"rendered":"\t\t<div data-elementor-type=\"wp-page\" data-elementor-id=\"93429\" class=\"elementor elementor-93429 elementor-14199\" wpc-filter-elementor-widget=\"1\">\n\t\t\t\t<div class=\"wd-negative-gap elementor-element elementor-element-7f6e2a5 e-flex e-con-boxed e-con e-parent\" data-id=\"7f6e2a5\" data-element_type=\"container\" data-e-type=\"container\">\n\t\t\t\t\t<div class=\"e-con-inner\">\n\t\t\t\t<div class=\"elementor-element elementor-element-5de45f8 elementor-widget elementor-widget-wd_text_block\" data-id=\"5de45f8\" data-element_type=\"widget\" data-e-type=\"widget\" data-widget_type=\"wd_text_block.default\">\n\t\t\t\t<div class=\"elementor-widget-container\">\n\t\t\t\t\t\t\t<div class=\"wd-text-block reset-last-child text-left\">\n\t\t\t\n\t\t\t<div class=\"editor-content\"><p><strong><span style=\"color: #1b1919; font-size: 18px;\">Arvutipoisid.ee laskuttaa tuotteista ja palveluista:<\/span><\/strong><\/p><p><span dir=\"auto\" style=\"vertical-align: inherit;\"><span dir=\"auto\" style=\"vertical-align: inherit;\">- Yksityishenkil\u00f6it\u00e4 <\/span><\/span><br \/><span dir=\"auto\" style=\"vertical-align: inherit;\"><span dir=\"auto\" style=\"vertical-align: inherit;\">- Oikeushenkil\u00f6it\u00e4 <\/span><\/span><br \/><span dir=\"auto\" style=\"vertical-align: inherit;\"><span dir=\"auto\" style=\"vertical-align: inherit;\">- Valtion laitoksia ja muita julkisen sektorin yrityksi\u00e4 (verkkolaskut \/ Fitek)<\/span><\/span><\/p><h4><span dir=\"auto\" style=\"vertical-align: inherit;\"><span dir=\"auto\" style=\"vertical-align: inherit;\">Maksutavat:<\/span><\/span><\/h4><p><span dir=\"auto\" style=\"vertical-align: inherit;\"><span dir=\"auto\" style=\"vertical-align: inherit;\">- Laskulla (perinteinen pankkisiirto) <\/span><\/span><br \/><span dir=\"auto\" style=\"vertical-align: inherit;\"><span dir=\"auto\" style=\"vertical-align: inherit;\">- Verkkolasku (valtion laitokset ja muu julkinen sektori \/ Fitek-j\u00e4rjestelm\u00e4) <\/span><\/span><br \/><span dir=\"auto\" style=\"vertical-align: inherit;\"><span dir=\"auto\" style=\"vertical-align: inherit;\">- Pankkilinkit (EE, LV, LT)<\/span><\/span><br \/><span dir=\"auto\" style=\"vertical-align: inherit;\"><span dir=\"auto\" style=\"vertical-align: inherit;\">- Osamaksu (Liisi, Esto, Inbank)<\/span><\/span><\/p><h4><span dir=\"auto\" style=\"vertical-align: inherit;\"><span dir=\"auto\" style=\"vertical-align: inherit;\">Tilauksen tekeminen<\/span><\/span><\/h4><p><span dir=\"auto\" style=\"vertical-align: inherit;\"><span dir=\"auto\" style=\"vertical-align: inherit;\">Valitse tuote tai tuotteet, joista olet kiinnostunut, ja napsauta \"Lis\u00e4\u00e4 ostoskoriin\" -painiketta. Ostoskorin ja siihen lis\u00e4tyt tuotteet l\u00f6yd\u00e4t verkkokauppamme oikeasta yl\u00e4kulmasta riippumatta siit\u00e4, mill\u00e4 sivulla olet. Kun olet lis\u00e4nnyt kaikki haluamasi tuotteet ostoskoriin, voit aloittaa tilauksen tekemisen t\u00e4ytt\u00e4m\u00e4ll\u00e4 toimitusta varten vaadittavat tiedot.<\/span><\/span><\/p><p><span dir=\"auto\" style=\"vertical-align: inherit;\"><span dir=\"auto\" style=\"vertical-align: inherit;\">Huomioithan, ett\u00e4 jos et ole saanut meilt\u00e4 mit\u00e4\u00e4n tietoa s\u00e4hk\u00f6postiisi tilauksen vahvistamisen j\u00e4lkeen, tarkista, onko postilaatikossasi vapaata tilaa uusien viestien vastaanottamiseen tai onko roskapostisuodatin ohjannut l\u00e4hett\u00e4m\u00e4mme viestin vahingossa roskapostikansioon. Toinen syy siihen, miksi et ehk\u00e4 ole saanut meilt\u00e4 s\u00e4hk\u00f6postia, voi olla se, ett\u00e4 kirjoitit s\u00e4hk\u00f6postiosoitteesi v\u00e4\u00e4rin tilausta tehdess\u00e4si. Jos sinulla on kysytt\u00e4v\u00e4\u00e4, ota meihin yhteytt\u00e4 puhelimitse +372 58 60 88 00 (ET\/EN\/FI) tai kirjoita s\u00e4hk\u00f6postiosoitteeseen <\/span><\/span><a href=\"mailto:info@arvutipoisid.ee\"><span dir=\"auto\" style=\"vertical-align: inherit;\"><span dir=\"auto\" style=\"vertical-align: inherit;\">info@arvutipoisid.ee<\/span><\/span><\/a><\/p><p><span dir=\"auto\" style=\"vertical-align: inherit;\"><span dir=\"auto\" style=\"vertical-align: inherit;\">Kaikki tilaukset k\u00e4sitell\u00e4\u00e4n vasta maksun saavuttua.<\/span><\/span><\/p><h4><span dir=\"auto\" style=\"vertical-align: inherit;\"><span dir=\"auto\" style=\"vertical-align: inherit;\">Toimitus ja kustannukset<\/span><\/span><\/h4><p><strong><span dir=\"auto\" style=\"vertical-align: inherit;\"><span dir=\"auto\" style=\"vertical-align: inherit;\">Toimituskulut lasketaan ostoskorissa ostohetkell\u00e4.<\/span><\/span><\/strong><\/p><p><span dir=\"auto\" style=\"vertical-align: inherit;\"><span dir=\"auto\" style=\"vertical-align: inherit;\"><strong>Kuriiri- ja pakettiautomaattitoimitus Virossa - maksutta!<\/strong><\/span><\/span><\/p><p><strong><span dir=\"auto\" style=\"vertical-align: inherit;\"><span dir=\"auto\" style=\"vertical-align: inherit;\">Toimitus EU:n alueella - katso ostoskori!<\/span><\/span><\/strong><\/p><p>ALV-vapaa (0 %) tilaaminen EU-yrityksille<\/p><\/div><p>Tarjoamme EU-yrityksille ALV-vapaan ostomahdollisuuden. Jotta ALV poistetaan ostoksestasi, vahvista ALV-tunnisteesi kassalla.<\/p><p data-start=\"1022\" data-end=\"1054\"><strong data-start=\"1022\" data-end=\"1054\">Kannettavien tietokoneiden erikoiskokoonpanot<\/strong><\/p><p data-start=\"1056\" data-end=\"1219\">Kaikki k\u00e4ytt\u00e4j\u00e4t eiv\u00e4t tarvitse samanlaista kannettavaa tietokonetta. Siksi tarjoamme valittuihin malleihin kokoonpanovaihtoehtoja, joiden avulla laite voidaan mukauttaa todellisiin k\u00e4ytt\u00f6tarpeisiin.<\/p><p data-start=\"1221\" data-end=\"1276\">Mallista riippuen voi olla mahdollista vaihtaa RAM-muistia, GPU:ta, CPU:ta, SSD:t\u00e4, n\u00e4yt\u00f6n kokoa, k\u00e4ytt\u00f6j\u00e4rjestelm\u00e4\u00e4 ja v\u00e4ri\u00e4 (katso tuotesivut)<\/p><p data-start=\"1434\" data-end=\"1819\">Mahdollisten p\u00e4ivitysten laajuus riippuu aina kyseisen kannettavan tietokoneen rakenteesta, valmistajan rajoituksista ja siit\u00e4, onko laitteessa vapaita laajennuspaikkoja. Jos vapaata paikkaa ei ole, voi olla tarpeen korvata olemassa oleva komponentti suuremmalla tai muuten paremmin sopivalla.<\/p><p data-start=\"1821\" data-end=\"2063\">Tavoitteenamme on tarjota kannettava tietokone, joka vastaa k\u00e4ytt\u00e4j\u00e4n todellisia tarpeita eik\u00e4 vain vakiomuotoista tehdaskokoonpanoa. T\u00e4m\u00e4 on erityisen t\u00e4rke\u00e4\u00e4 silloin, kun laite on tarkoitettu yritysk\u00e4ytt\u00f6\u00f6n, opiskeluun, luovaan ty\u00f6h\u00f6n tai muihin vaativampiin teht\u00e4viin. R\u00e4\u00e4t\u00e4l\u00f6inti ei vaikuta 2 vuoden takuuaikaan.<\/p><div class=\"editor-content\"><p><span dir=\"auto\" style=\"vertical-align: inherit;\"><span dir=\"auto\" style=\"vertical-align: inherit;\"><strong>Saatavilla olevien<\/strong> <strong>tuotteiden<\/strong> arvioitu toimitusaika on noin 1 - 1,5 viikkoa (Virossa). Jos tilaat EU:n alueelta, varaa toimitukseen lis\u00e4ksi 3-7 p\u00e4iv\u00e4\u00e4.<br \/>Teemme parhaamme varmistaaksemme, ett\u00e4 tilatut tuotteet saapuvat asiakkaillemme arvioidun toimitusajan puitteissa. Joissakin erityistapauksissa toimitukset voivat viiv\u00e4sty\u00e4 syist\u00e4, jotka eiv\u00e4t ole MT Shopin hallinnassa. Ongelman l\u00e4hteen\u00e4 voi olla toimittajamme, joka on ilmoittanut varastoj\u00e4rjestelm\u00e4ss\u00e4\u00e4n tuotteiden v\u00e4\u00e4r\u00e4n m\u00e4\u00e4r\u00e4n ja\/tai v\u00e4\u00e4r\u00e4n toimitusajan, sek\u00e4 logistiikkayritys, joka on eri syist\u00e4 aiheuttanut viiv\u00e4styksi\u00e4 toimitusketjussa joko itse tai kolmannen osapuolen vuoksi. P\u00e4ivit\u00e4mme tuotetietokantaamme useita kertoja p\u00e4iv\u00e4ss\u00e4, jotta tuotteita, tuotehintoja ja saatavuutta koskevat tiedot pysyisiv\u00e4t ajan tasalla. Pyyd\u00e4mme ottamaan t\u00e4llaiset mahdolliset tilanteet huomioon ja pahoittelemme jo etuk\u00e4teen, jos joudut t\u00e4llaiseen tilanteeseen tilauksesi kanssa. Noin 98 % tilauksistamme on aiemmin saapunut asiakkaalle odotetun toimitusajan puitteissa. Jos sinulla on kysytt\u00e4v\u00e4\u00e4, ota meihin yhteytt\u00e4 osoitteessa <\/span><\/span><a href=\"mailto:info@arvutipoisid.ee\"><span dir=\"auto\" style=\"vertical-align: inherit;\"><span dir=\"auto\" style=\"vertical-align: inherit;\">info@arvutipoisid.ee<\/span><\/span><\/a><span dir=\"auto\" style=\"vertical-align: inherit;\"><span dir=\"auto\" style=\"vertical-align: inherit;\"> tai puhelimitse +372 58 60 88 00.<\/span><\/span><\/p><p><span dir=\"auto\" style=\"vertical-align: inherit;\"><span dir=\"auto\" style=\"vertical-align: inherit;\">Viikonloppuna tehdyt ja maksetut tilaukset k\u00e4sitell\u00e4\u00e4n seuraavana arkip\u00e4iv\u00e4n\u00e4. Tuotteen odotettu toimitusaika on ohjeellinen ja riippuu monista olosuhteista (mukaan lukien niist\u00e4, jotka eiv\u00e4t ole riippuvaisia Arvutipoisid.ee:st\u00e4), mukaan lukien juhlapyh\u00e4t sek\u00e4 Virossa ett\u00e4 muissa toimitusketjuun kuuluvissa maissa. T\u00e4m\u00e4n seurauksena toimitusten k\u00e4sittelyss\u00e4 ja niiden toimittamisessa asiakkaalle voi esiinty\u00e4 viiveit\u00e4 juhlapyhien tai lyhyempien ty\u00f6p\u00e4ivien ja\/tai lis\u00e4\u00e4ntyneen ty\u00f6kuorman vuoksi sek\u00e4 toimitusvarastoissa ett\u00e4 logistiikkayrityksiss\u00e4.<\/span><\/span><\/p><p><span dir=\"auto\" style=\"vertical-align: inherit;\"><span dir=\"auto\" style=\"vertical-align: inherit;\">Toivotamme sinulle miellytt\u00e4vi\u00e4 ostoksia!<\/span><\/span><\/p><p><strong><span dir=\"auto\" style=\"vertical-align: inherit;\"><span dir=\"auto\" style=\"vertical-align: inherit;\">Arvutipoisid.ee<\/span><\/span><\/strong><\/p><\/div>\n\t\t\t\t\t<\/div>\n\t\t\t\t\t\t<\/div>\n\t\t\t\t<\/div>\n\t\t\t\t\t<\/div>\n\t\t\t\t<\/div>\n\t\t\t\t<\/div>\n\t\t","protected":false},"excerpt":{"rendered":"<p>Arvutipoisid.ee laskuttaa tuotteista ja palveluista: &#8211; Yksityishenkil\u00f6it\u00e4 &#8211; Oikeushenkil\u00f6it\u00e4 &#8211; Valtion laitoksia ja muita julkisen sektorin yrityksi\u00e4 (verkkolaskut \/ Fitek)<\/p>\n","protected":false},"author":1,"featured_media":0,"parent":0,"menu_order":0,"comment_status":"closed","ping_status":"closed","template":"elementor_header_footer","meta":{"footnotes":""},"class_list":["post-93429","page","type-page","status-publish","hentry"],"_links":{"self":[{"href":"https:\/\/arvutipoisid.ee\/fi\/wp-json\/wp\/v2\/pages\/93429","targetHints":{"allow":["GET"]}}],"collection":[{"href":"https:\/\/arvutipoisid.ee\/fi\/wp-json\/wp\/v2\/pages"}],"about":[{"href":"https:\/\/arvutipoisid.ee\/fi\/wp-json\/wp\/v2\/types\/page"}],"author":[{"embeddable":true,"href":"https:\/\/arvutipoisid.ee\/fi\/wp-json\/wp\/v2\/users\/1"}],"replies":[{"embeddable":true,"href":"https:\/\/arvutipoisid.ee\/fi\/wp-json\/wp\/v2\/comments?post=93429"}],"version-history":[{"count":20,"href":"https:\/\/arvutipoisid.ee\/fi\/wp-json\/wp\/v2\/pages\/93429\/revisions"}],"predecessor-version":[{"id":95559,"href":"https:\/\/arvutipoisid.ee\/fi\/wp-json\/wp\/v2\/pages\/93429\/revisions\/95559"}],"wp:attachment":[{"href":"https:\/\/arvutipoisid.ee\/fi\/wp-json\/wp\/v2\/media?parent=93429"}],"curies":[{"name":"wp","href":"https:\/\/api.w.org\/{rel}","templated":true}]}}