{"id":93436,"date":"2026-01-16T10:22:45","date_gmt":"2026-01-16T08:22:45","guid":{"rendered":"https:\/\/arvutiposid.ee\/tietosuojakaytanto\/"},"modified":"2026-04-21T21:50:42","modified_gmt":"2026-04-21T19:50:42","slug":"tietosuojakaytanto","status":"publish","type":"page","link":"https:\/\/arvutipoisid.ee\/fi\/tietosuojakaytanto\/","title":{"rendered":"Tietosuojak\u00e4yt\u00e4nt\u00f6"},"content":{"rendered":"\t\t<div data-elementor-type=\"wp-page\" data-elementor-id=\"93436\" class=\"elementor elementor-93436 elementor-3\" wpc-filter-elementor-widget=\"1\">\n\t\t\t\t<div class=\"wd-negative-gap elementor-element elementor-element-4c772c76 e-flex e-con-boxed e-con e-parent\" data-id=\"4c772c76\" data-element_type=\"container\" data-e-type=\"container\">\n\t\t\t\t\t<div class=\"e-con-inner\">\n\t\t\t\t<div class=\"elementor-element elementor-element-27410c50 color-scheme-inherit text-left elementor-widget elementor-widget-text-editor\" data-id=\"27410c50\" data-element_type=\"widget\" data-e-type=\"widget\" data-widget_type=\"text-editor.default\">\n\t\t\t\t\t\t\t\t\t<p><span lang=\"FI\">KMS Projektiabi O\u00dc:n verkkokauppa (j\u00e4ljemp\u00e4n\u00e4 Arvutipoisid.ee) on sitoutunut suojelemaan asiakkaiden ja k\u00e4ytt\u00e4jien yksityisyytt\u00e4. T\u00e4m\u00e4 tietosuojak\u00e4yt\u00e4nt\u00f6 antaa yleiskuvan k\u00e4yt\u00e4nn\u00f6ist\u00e4mme, mukaan lukien mit\u00e4 henkil\u00f6tietoja ker\u00e4\u00e4mme, miten k\u00e4yt\u00e4mme ja luovutamme henkil\u00f6tietoja sek\u00e4 mitk\u00e4 ovat oikeutesi henkil\u00f6tietojesi ker\u00e4\u00e4miseen ja k\u00e4ytt\u00f6\u00f6n liittyen. Toimintamme internetiss\u00e4 on kaikkien asiaankuuluvien Euroopan unionin direktiivien ja Viron tasavallan lakien mukaista.<\/span><\/p>\n<p><span lang=\"FI\">Henkil\u00f6tietojen k\u00e4sittelyn tarkoituksena on rekister\u00f6idyn kanssa tehdyn sopimuksen t\u00e4ytt\u00e4minen (Euroopan parlamentin ja neuvoston asetuksen (EU) 2016\/679 6 artiklan 1 kohdan b alakohta). K\u00e4sittely voi olla tarpeen my\u00f6s rekisterinpit\u00e4j\u00e4\u00e4n kohdistuvan lakis\u00e4\u00e4teisen velvoitteen noudattamiseksi (esimerkiksi kirjanpito ja kuluttajariitojen ratkaiseminen) (Euroopan parlamentin ja neuvoston asetuksen (EU) 2016\/679 6 artiklan 1 kohdan c alakohta).<\/span><\/p>\n<p class=\"Default\"><span lang=\"FI\">Pid\u00e4mme tietosuojak\u00e4yt\u00e4nt\u00f6mme s\u00e4\u00e4nn\u00f6llisesti tarkistettavana ja julkaisemme kaikki p\u00e4ivitykset t\u00e4ll\u00e4 verkkosivulla. K\u00e4ytt\u00e4m\u00e4ll\u00e4 verkkokauppaamme vahvistat, ett\u00e4 olet lukenut tietosuojak\u00e4yt\u00e4nt\u00f6mme ja hyv\u00e4ksynyt sen.<\/span><\/p>\n<p><span lang=\"FI\">1.     <\/span><strong><span lang=\"FI\">Mit\u00e4 tietoja ker\u00e4\u00e4mme ja miksi?<\/span><\/strong><\/p>\n<p><span lang=\"FI\">1.1 Ker\u00e4\u00e4mme antamasi tiedot esimerkiksi silloin, kun teet ostoksen tai tilauksen Arvutipoisid.ee-verkkokaupassa.<\/span><\/p>\n<p><span lang=\"FI\">1.2 Kaikki henkil\u00f6tiedot annetaan vapaaehtoisesti ja suostumuksellasi. Vaadittuihin henkil\u00f6tietoihin voivat kuulua nimi, osoite, postinumero, s\u00e4hk\u00f6postiosoite, puhelinnumero ja muut tiedot.<\/span><\/p>\n<p><span lang=\"FI\">1.3 Luovutettuja tietoja k\u00e4ytet\u00e4\u00e4n t\u00e4m\u00e4n tietosuojak\u00e4yt\u00e4nn\u00f6n ehtojen mukaisesti.<\/span><\/p>\n<p><span lang=\"FI\">2.     <\/span><strong><span lang=\"FI\">Miten k\u00e4yt\u00e4mme tietojasi?<\/span><\/strong><\/p>\n<p><span lang=\"FI\">2.1 Edell\u00e4 mainittujen henkil\u00f6tietojen k\u00e4ytt\u00f6tarkoitusten lis\u00e4ksi Arvutipoisid.ee-verkkokauppaan sy\u00f6tettyj\u00e4 tietoja voidaan k\u00e4ytt\u00e4\u00e4 asiakkaiden kiinnostavien tuotteiden ja palvelujen seuraamiseen, mahdollisten ongelmien ratkaisemiseen, petosten ja muun rikollisen toiminnan torjumiseen, k\u00e4ytt\u00e4j\u00e4kokemuksen mukauttamiseen, verkkosivuston muutoksista, uusista palveluista ja erityistarjouksista ilmoittamiseen.<\/span><\/p>\n<p><span lang=\"FI\">2.2 Kun viestit kanssamme, voimme s\u00e4ilytt\u00e4\u00e4 kirjeenvaihdon parantaaksemme tuotteitamme, palveluitamme, verkkosivustoamme tai muita julkisia tarkoituksia varten.<\/span><\/p>\n<p><span lang=\"FI\">2.3 Arvutipoisid.ee voi luovuttaa tietoja yksitt\u00e4isist\u00e4 k\u00e4ytt\u00e4jist\u00e4 kolmannelle osapuolelle, joka tarjoaa palveluja Arvutipoisid.ee:lle ja sitoutuu pit\u00e4m\u00e4\u00e4n jaetut tiedot luottamuksellisina. N\u00e4ihin kolmansiin osapuoliin kuuluvat Arvutipoisid.ee:n yhteisty\u00f6kumppanit, jotka osallistuvat Arvutipoisid.ee:ss\u00e4 myytyjen tavaroiden toimitukseen ja kuljetukseen, verkkosivuston ja sis\u00e4ll\u00f6n hallintaan, markkinointiin ja maksujen v\u00e4litykseen.<\/span><\/p>\n<p><span lang=\"FI\">2.3 Luvallasi l\u00e4het\u00e4mme sinulle markkinointiviestej\u00e4 s\u00e4hk\u00f6postitse tai tekstiviestill\u00e4 (SMS), jotta pysyt ajan tasalla toiminnastamme ja l\u00f6yd\u00e4t tuotteemme ja parhaat tarjouksemme helpommin. Markkinointiviestien tilaaminen edellytt\u00e4\u00e4 asiakkaan vapaaehtoista suostumusta. Tilatessaan tuotteen tai palvelun asiakas voi antaa suostumuksensa merkitsem\u00e4ll\u00e4 ostoskorin kassasivulla aktiiviseksi valinnan \u201dHaluan tietoa parhaista tarjouksistanne ja kampanjoistanne\u201d.<\/span><\/p>\n<p><span lang=\"FI\">2.4 S\u00e4hk\u00f6postitse saaduista markkinointiviesteist\u00e4 voi kielt\u00e4yty\u00e4 milloin tahansa klikkaamalla viestiss\u00e4 olevaa unsubscribe-linkki\u00e4. Kun peruutat markkinointiviestien vastaanottamisen, saat edelleen palveluun liittyvi\u00e4 tietoja, kuten tilauksen tilap\u00e4ivityksi\u00e4. Jos haluat lopettaa tekstiviestitse l\u00e4hetett\u00e4v\u00e4t markkinointiviestit, ota yhteytt\u00e4 asiakaspalveluumme osoitteessa info@arvutipoisid.ee<\/span><\/p>\n<p><span lang=\"FI\">3. Arvutipoisid.ee<\/span><span lang=\"FI\"> on henkil\u00f6tietojen rekisterinpit\u00e4j\u00e4 ja v\u00e4litt\u00e4\u00e4 maksujen suorittamiseen tarvittavat henkil\u00f6tiedot valtuutetuille henkil\u00f6tietojen k\u00e4sittelij\u00f6ille<\/span><\/p>\n<p><span lang=\"FI\">3.1 LHV-pankkilinkki &#8211; <strong>AS LHV Pank<\/strong><\/span><\/p>\n<p><span lang=\"FI\">3.2 Swedbank-pankkilinkki &#8211; <strong>Swedbank AS<\/strong><\/span><\/p>\n<p><span lang=\"FI\">3.3 SEB-pankkilinkki &#8211; <strong>AS SEB Pank<\/strong><\/span><\/p>\n<p><span lang=\"FI\">3.4 COOP-pankkilinkki &#8211; <strong>COOP Pank AS<\/strong><\/span><\/p>\n<p><span lang=\"FI\">3.5 Citadele-pankkilinkki &#8211; <strong>AS Citadele Banka<\/strong><\/span><\/p>\n<p><span lang=\"FI\">3.6 Korttimaksut (VISA \/ Maestro) &#8211; <strong>EveryPay AS<\/strong><\/span><\/p>\n<p><span lang=\"FI\">3.7 Esto \/ Esto 3 \/ Maksa my\u00f6hemmin Esto &#8211; <strong>ESTO AS<\/strong><\/span><\/p>\n<p><span lang=\"FI\">3.8 Liisi &#8211; <strong>Holm Bank AS<\/strong><\/span><\/p>\n<p><span lang=\"FI\">3.9 Inbank &#8211; <strong>Inbank AS<\/strong><\/span><\/p>\n<p><span lang=\"FI\">4.     <\/span><strong><span lang=\"FI\">Oikeutesi<\/span><\/strong><\/p>\n<p><span lang=\"FI\">4.1 Sinulla on oikeus saada tiet\u00e4\u00e4, mit\u00e4 henkil\u00f6tietoja s\u00e4ilyt\u00e4mme sinusta.<\/span><\/p>\n<p><span lang=\"FI\">4.2 Sinulla on oikeus oikaista, muuttaa tai poistaa henkil\u00f6tietosi. Jos haluat k\u00e4ytt\u00e4\u00e4 oikeuttasi tietojen oikaisemiseen, muuttamiseen tai poistamiseen, ota meihin yhteytt\u00e4 alla olevien yhteystietojen kautta.<\/span><\/p>\n<p><span lang=\"FI\">5.     <\/span><strong><span lang=\"FI\">Turvallisuus<\/span><\/strong><\/p>\n<p><span lang=\"FI\">5.1 Arvutipoisid.ee on toteuttanut tarvittavat toimenpiteet suojatakseen verkkokaupassa ker\u00e4ttyjen henkil\u00f6tietojen eheytt\u00e4, tarkkuutta ja yksityisyytt\u00e4.<\/span><\/p>\n<p><span lang=\"FI\">5.2 Olemme toteuttaneet kohtuulliset varotoimet suojataksemme tietoja katoamiselta, v\u00e4\u00e4rink\u00e4yt\u00f6lt\u00e4 ja muuttamiselta. Vain valtuutetuilla henkil\u00f6ill\u00e4 on p\u00e4\u00e4sy tietojen muuttamiseen ja n\u00e4ytt\u00e4miseen.<\/span><\/p>\n<p><span lang=\"FI\">5.3 Hyv\u00e4ksyt, ett\u00e4 internetin luonteesta johtuen t\u00e4ydellist\u00e4 turvallisuustakuuta ei voida antaa, ja sinun tulee tiedostaa, ett\u00e4 poikkeuksellisissa tilanteissa tietojen luovuttamiseen verkossa voi liitty\u00e4 pieni tietoturvariski. N\u00e4in ollen hyv\u00e4ksyt, ett\u00e4 Arvutipoisid.ee ei vastaa varastettujen tai katkaistujen tietojen my\u00f6hemm\u00e4st\u00e4 k\u00e4yt\u00f6st\u00e4.<\/span><\/p>\n<p><span lang=\"FI\">6.     <\/span><strong><span lang=\"FI\">Ulkoiset linkit<\/span><\/strong><\/p>\n<p><span lang=\"FI\">6.1 Arvutipoisid.ee voi k\u00e4ytt\u00e4\u00e4 linkkej\u00e4 kolmansien osapuolten tarjoamille verkkosivuille. Jos klikkaat jotakin n\u00e4ist\u00e4 linkeist\u00e4, sinut ohjataan Arvutipoisid.ee-verkkosivulta sen organisaation tai yrityksen sivulle, joka omistaa kyseisen verkkosivuston. Vaikka organisaatioiden verkkosivustojen v\u00e4lill\u00e4 olisi linkki, Arvutipoisid.ee ei hallitse kolmansien osapuolten verkkosivustoja. Jokaisella niist\u00e4 on oma tapansa ker\u00e4t\u00e4 ja k\u00e4sitell\u00e4 henkil\u00f6tietoja sek\u00e4 oma tietosuojak\u00e4yt\u00e4nt\u00f6ns\u00e4. Vieraillessasi t\u00e4llaisella sivustolla sinun tulee lukea kyseisen sivuston tietosuojak\u00e4yt\u00e4nt\u00f6 ennen tietojesi jakamista.<\/span><\/p>\n<p><span lang=\"FI\">7.     <\/span><strong><span lang=\"FI\">Tietosuojak\u00e4yt\u00e4nn\u00f6n ehdot ja muutokset<\/span><\/strong><\/p>\n<p><span lang=\"FI\">7.1 K\u00e4ytt\u00e4m\u00e4ll\u00e4 Arvutipoisid.ee-verkkokauppaa hyv\u00e4ksyt my\u00f6s tietosuojak\u00e4yt\u00e4nt\u00f6mme. Jos et jostain syyst\u00e4 hyv\u00e4ksy n\u00e4it\u00e4 ehtoja, sinun ei tule k\u00e4ytt\u00e4\u00e4 Arvutipoisid.ee-verkkokauppaa. Arvutipoisid.ee pid\u00e4tt\u00e4\u00e4 oikeuden muuttaa t\u00e4m\u00e4n tietosuojak\u00e4yt\u00e4nn\u00f6n ehtoja milloin tahansa.<\/span><\/p>\n<p><span lang=\"FI\">7.2 Arvutipoisid.ee muuttaa ajoittain t\u00e4m\u00e4n tietosuojak\u00e4yt\u00e4nn\u00f6n ehtoja, ja sinun tulee tarkistaa se s\u00e4\u00e4nn\u00f6llisesti varmistaaksesi, ett\u00e4 olet tietoinen kaikista muutoksista. Verkkokaupan k\u00e4yt\u00f6n jatkaminen osoittaa hyv\u00e4ksynt\u00e4si kaikille t\u00e4h\u00e4n tietosuojak\u00e4yt\u00e4nt\u00f6\u00f6n tehdyille muutoksille.<\/span><\/p>\n<p><span lang=\"FI\">8.     <\/span><span lang=\"FI\">Yhteystiedot<\/span><\/p>\n<p><span lang=\"FI\">8.1 Jos sinulla on yksityisyyteen liittyv\u00e4 huoli, valitus tai kysymys, tai haluat k\u00e4ytt\u00e4\u00e4 jotakin oikeuksistasi, voit ottaa meihin yhteytt\u00e4 s\u00e4hk\u00f6postitse osoitteeseen info@arvutipoisid.ee<\/span><\/p>\n<p><strong><span lang=\"FI\">Toivotamme sinulle miellytt\u00e4vi\u00e4 ostoksia!<\/span><\/strong><\/p>\n<p><strong><span lang=\"FI\">Arvutipoisid.ee<\/span><\/strong><\/p>\t\t\t\t\t\t\t\t<\/div>\n\t\t\t\t\t<\/div>\n\t\t\t\t<\/div>\n\t\t\t\t<\/div>\n\t\t","protected":false},"excerpt":{"rendered":"<p>KMS Projektiabi O\u00dc:n verkkokauppa (j\u00e4ljemp\u00e4n\u00e4 Arvutipoisid.ee) on sitoutunut suojelemaan asiakkaiden ja k\u00e4ytt\u00e4jien yksityisyytt\u00e4. T\u00e4m\u00e4 tietosuojak\u00e4yt\u00e4nt\u00f6 antaa yleiskuvan k\u00e4yt\u00e4nn\u00f6ist\u00e4mme, mukaan lukien<\/p>\n","protected":false},"author":1,"featured_media":0,"parent":0,"menu_order":0,"comment_status":"closed","ping_status":"open","template":"","meta":{"footnotes":""},"class_list":["post-93436","page","type-page","status-publish","hentry"],"_links":{"self":[{"href":"https:\/\/arvutipoisid.ee\/fi\/wp-json\/wp\/v2\/pages\/93436","targetHints":{"allow":["GET"]}}],"collection":[{"href":"https:\/\/arvutipoisid.ee\/fi\/wp-json\/wp\/v2\/pages"}],"about":[{"href":"https:\/\/arvutipoisid.ee\/fi\/wp-json\/wp\/v2\/types\/page"}],"author":[{"embeddable":true,"href":"https:\/\/arvutipoisid.ee\/fi\/wp-json\/wp\/v2\/users\/1"}],"replies":[{"embeddable":true,"href":"https:\/\/arvutipoisid.ee\/fi\/wp-json\/wp\/v2\/comments?post=93436"}],"version-history":[{"count":13,"href":"https:\/\/arvutipoisid.ee\/fi\/wp-json\/wp\/v2\/pages\/93436\/revisions"}],"predecessor-version":[{"id":95648,"href":"https:\/\/arvutipoisid.ee\/fi\/wp-json\/wp\/v2\/pages\/93436\/revisions\/95648"}],"wp:attachment":[{"href":"https:\/\/arvutipoisid.ee\/fi\/wp-json\/wp\/v2\/media?parent=93436"}],"curies":[{"name":"wp","href":"https:\/\/api.w.org\/{rel}","templated":true}]}}